{"id":1585,"date":"2022-01-20T14:14:49","date_gmt":"2022-01-20T13:14:49","guid":{"rendered":"https:\/\/zkz.net.pl\/?page_id=1585"},"modified":"2023-05-16T14:01:47","modified_gmt":"2023-05-16T12:01:47","slug":"cmx-1100v","status":"publish","type":"page","link":"https:\/\/zkz.net.pl\/en\/gears-production\/miling-center-cnc\/milling-in-4-axes-cmx-1100v\/","title":{"rendered":"MILLING CNC IN 4 AXES CMX 1100V"},"content":{"rendered":"<p><\/p>\n<h4>CMX 1100 V<\/h4>\n<div class=\"ci-font-h4\">\n<p>Oparty na rozwi\u0105zaniach CMX V &#8211; od teraz z IoT<em>connector<\/em>\u00a0i bezpo\u015brednim uk\u0142adem pomiarowym w standardzie<\/p>\n<\/div>\n<div class=\"ci-table ci-table-product\">\n<div class=\"ci-table-wrapper\">\n<div class=\"ci-table-content\">\n<div class=\"ci-table-content-child\"><span class=\"ci-table-content-child-span\">Maks. przesuwy w osi X <\/span><span class=\"ci-table-content-child-span\">1\u00a0100 mm<\/span><\/div>\n<div class=\"ci-table-content-child\"><span class=\"ci-table-content-child-span\">Maks. przesuwy w osi Y <\/span><span class=\"ci-table-content-child-span\">560 mm<\/span><\/div>\n<div class=\"ci-table-content-child\"><span class=\"ci-table-content-child-span\">Maks. przesuwy w osi Z <\/span><span class=\"ci-table-content-child-span\">510 mm<\/span><\/div>\n<div class=\"ci-table-content-child\"><span class=\"ci-table-content-child-span\">Maks. d\u0142ugo\u015b\u0107 obrabianego przedmiotu <\/span><span class=\"ci-table-content-child-span\">1\u00a0400 mm<\/span><\/div>\n<div class=\"ci-table-content-child\"><span class=\"ci-table-content-child-span\">Maks. szeroko\u015b\u0107 detalu <\/span><span class=\"ci-table-content-child-span\">560 mm<\/span><\/div>\n<div class=\"ci-table-content-child\"><span class=\"ci-table-content-child-span\">Maks. wysoko\u015b\u0107 obrabianego przedmiotu <\/span><span class=\"ci-table-content-child-span\">630 mm<\/span><\/div>\n<div class=\"ci-table-content-child\"><span class=\"ci-table-content-child-span\">Maks. ci\u0119\u017car detalu <\/span><span class=\"ci-table-content-child-span\">1\u00a0000 kg<\/span><\/div>\n<\/div>\n<\/div>\n<\/div>\n<p><\/p>","protected":false},"excerpt":{"rendered":"<p>CMX 1100 V Oparty na rozwi\u0105zaniach CMX V &#8211; od teraz z IoTconnector\u00a0i bezpo\u015brednim uk\u0142adem pomiarowym w standardzie Maks. przesuwy w osi X 1\u00a0100 mm Maks. przesuwy w osi Y 560 mm Maks. przesuwy w osi Z 510 mm Maks. d\u0142ugo\u015b\u0107 obrabianego przedmiotu 1\u00a0400 mm Maks. szeroko\u015b\u0107 detalu 560 mm Maks. wysoko\u015b\u0107 obrabianego przedmiotu 630 [&hellip;]<\/p>\n","protected":false},"author":3,"featured_media":1586,"parent":447,"menu_order":0,"comment_status":"closed","ping_status":"closed","template":"","meta":{"footnotes":""},"class_list":["post-1585","page","type-page","status-publish","has-post-thumbnail","hentry"],"_links":{"self":[{"href":"https:\/\/zkz.net.pl\/en\/wp-json\/wp\/v2\/pages\/1585","targetHints":{"allow":["GET"]}}],"collection":[{"href":"https:\/\/zkz.net.pl\/en\/wp-json\/wp\/v2\/pages"}],"about":[{"href":"https:\/\/zkz.net.pl\/en\/wp-json\/wp\/v2\/types\/page"}],"author":[{"embeddable":true,"href":"https:\/\/zkz.net.pl\/en\/wp-json\/wp\/v2\/users\/3"}],"replies":[{"embeddable":true,"href":"https:\/\/zkz.net.pl\/en\/wp-json\/wp\/v2\/comments?post=1585"}],"version-history":[{"count":6,"href":"https:\/\/zkz.net.pl\/en\/wp-json\/wp\/v2\/pages\/1585\/revisions"}],"predecessor-version":[{"id":2115,"href":"https:\/\/zkz.net.pl\/en\/wp-json\/wp\/v2\/pages\/1585\/revisions\/2115"}],"up":[{"embeddable":true,"href":"https:\/\/zkz.net.pl\/en\/wp-json\/wp\/v2\/pages\/447"}],"wp:featuredmedia":[{"embeddable":true,"href":"https:\/\/zkz.net.pl\/en\/wp-json\/wp\/v2\/media\/1586"}],"wp:attachment":[{"href":"https:\/\/zkz.net.pl\/en\/wp-json\/wp\/v2\/media?parent=1585"}],"curies":[{"name":"wp","href":"https:\/\/api.w.org\/{rel}","templated":true}]}}