{"id":82,"date":"2018-06-27T10:53:09","date_gmt":"2018-06-27T08:53:09","guid":{"rendered":"http:\/\/zkz.net.pl\/?page_id=82"},"modified":"2023-06-20T08:18:20","modified_gmt":"2023-06-20T06:18:20","slug":"kapp-kx-300","status":"publish","type":"page","link":"https:\/\/zkz.net.pl\/de\/zahnrad-produktion\/zahnrad-geschlifen\/zahnrad-profil-und-walz-schleifen-cnc\/","title":{"rendered":"ZAHNRAD PROFIL UND WALZ SCHLEIFEN CNC"},"content":{"rendered":"<p><\/p>\n<h5>Verzahnungszentrum KX 300 P<br \/>\nW\u00e4lzschleifen und Profilschleifen von Verzahnungen<\/h5>\n<p>Maschinenkonzept<br \/>\nBasierend auf einem modularen Baukastensystem in Verbindung mit der Einsatzm\u00f6glichkeit unterschiedlicher Werkzeug- und Verfahrenstechnologien k\u00f6nnen anwendungsspezifisch optimale Fertigungsl\u00f6sungen konfiguriert werden. M\u00f6glich sind folgende Prozesse:<\/p>\n<ul>\n<li>Kontinuierliches W\u00e4lzschleifen<\/li>\n<li>Diskontinuierliches Profilschleifen<\/li>\n<li>Kombination beider Verfahren<\/li>\n<li>vorsatzspindel (dia. 30)<\/li>\n<li>more:<a href=\"http:\/\/www.kapp-niles.com\/de\/maschinen\/waelzprofil-schleifmaschinen\/kx-300-p\/\" target=\"_blank\" rel=\"noopener noreferrer\">kapp-niles com<\/a><\/li>\n<\/ul>\n<p><\/p>","protected":false},"excerpt":{"rendered":"<p>Verzahnungszentrum KX 300 P W\u00e4lzschleifen und Profilschleifen von Verzahnungen Maschinenkonzept Basierend auf einem modularen Baukastensystem in Verbindung mit der Einsatzm\u00f6glichkeit unterschiedlicher Werkzeug- und Verfahrenstechnologien k\u00f6nnen anwendungsspezifisch optimale Fertigungsl\u00f6sungen konfiguriert werden. M\u00f6glich sind folgende Prozesse: Kontinuierliches W\u00e4lzschleifen Diskontinuierliches Profilschleifen Kombination beider Verfahren vorsatzspindel (dia. 30) more:kapp-niles com<\/p>\n","protected":false},"author":3,"featured_media":1608,"parent":73,"menu_order":6,"comment_status":"closed","ping_status":"closed","template":"","meta":{"footnotes":""},"class_list":["post-82","page","type-page","status-publish","has-post-thumbnail","hentry"],"_links":{"self":[{"href":"https:\/\/zkz.net.pl\/de\/wp-json\/wp\/v2\/pages\/82","targetHints":{"allow":["GET"]}}],"collection":[{"href":"https:\/\/zkz.net.pl\/de\/wp-json\/wp\/v2\/pages"}],"about":[{"href":"https:\/\/zkz.net.pl\/de\/wp-json\/wp\/v2\/types\/page"}],"author":[{"embeddable":true,"href":"https:\/\/zkz.net.pl\/de\/wp-json\/wp\/v2\/users\/3"}],"replies":[{"embeddable":true,"href":"https:\/\/zkz.net.pl\/de\/wp-json\/wp\/v2\/comments?post=82"}],"version-history":[{"count":28,"href":"https:\/\/zkz.net.pl\/de\/wp-json\/wp\/v2\/pages\/82\/revisions"}],"predecessor-version":[{"id":2335,"href":"https:\/\/zkz.net.pl\/de\/wp-json\/wp\/v2\/pages\/82\/revisions\/2335"}],"up":[{"embeddable":true,"href":"https:\/\/zkz.net.pl\/de\/wp-json\/wp\/v2\/pages\/73"}],"wp:featuredmedia":[{"embeddable":true,"href":"https:\/\/zkz.net.pl\/de\/wp-json\/wp\/v2\/media\/1608"}],"wp:attachment":[{"href":"https:\/\/zkz.net.pl\/de\/wp-json\/wp\/v2\/media?parent=82"}],"curies":[{"name":"wp","href":"https:\/\/api.w.org\/{rel}","templated":true}]}}