{"id":748,"date":"2020-10-20T14:39:54","date_gmt":"2020-10-20T12:39:54","guid":{"rendered":"https:\/\/zkz.net.pl\/?page_id=748"},"modified":"2026-02-02T13:44:32","modified_gmt":"2026-02-02T12:44:32","slug":"kola-zebate-apex-daszkowe-strzalkowe","status":"publish","type":"page","link":"https:\/\/zkz.net.pl\/de\/zahnrad-angebot\/pfeilverzahnung\/","title":{"rendered":"PFEILVERZAHNUNG"},"content":{"rendered":"<p><a href=\"https:\/\/www.facebook.com\/andrzej.olszacki\/videos\/633433711397846\/\" target=\"_blank\" rel=\"noopener\"><img loading=\"lazy\" decoding=\"async\" class=\"alignnone wp-image-1887\" src=\"https:\/\/zkz.net.pl\/wp-content\/uploads\/2023\/04\/pobrane-300x106.png\" sizes=\"auto, (max-width: 130px) 100vw, 130px\" srcset=\"https:\/\/zkz.net.pl\/wp-content\/uploads\/2023\/04\/pobrane-300x106.png 300w, https:\/\/zkz.net.pl\/wp-content\/uploads\/2023\/04\/pobrane-57x20.png 57w, https:\/\/zkz.net.pl\/wp-content\/uploads\/2023\/04\/pobrane.png 378w\" alt=\"\" width=\"130\" height=\"46\" \/><\/a>\u201eAPEX\u201d in WENZEL WGT 400<\/p>\n<p><a href=\"https:\/\/www.facebook.com\/andrzej.olszacki\/videos\/633433711397846\/\" target=\"_blank\" rel=\"noopener\"><img loading=\"lazy\" decoding=\"async\" class=\"size-medium wp-image-2043 alignleft\" src=\"https:\/\/zkz.net.pl\/wp-content\/uploads\/2023\/05\/APEX-ZKZ-225x300.jpg\" alt=\"\" width=\"225\" height=\"300\" srcset=\"https:\/\/zkz.net.pl\/wp-content\/uploads\/2023\/05\/APEX-ZKZ-225x300.jpg 225w, https:\/\/zkz.net.pl\/wp-content\/uploads\/2023\/05\/APEX-ZKZ-15x20.jpg 15w, https:\/\/zkz.net.pl\/wp-content\/uploads\/2023\/05\/APEX-ZKZ.jpg 350w\" sizes=\"auto, (max-width: 225px) 100vw, 225px\" \/><\/a><\/p>\n<p>Der theoretische <strong>APEX<\/strong>-Punkt, der zwei spiralf\u00f6rmige Linien an unseren Teilen synchronisiert, ist immer gleich Null. Solche hervorragenden Ergebnisse werden dank hochwertiger W\u00e4lzfr\u00e4smaschinen, stabilem und wiederholbarem W\u00e4rmebehandlungsprozess und pr\u00e4zisem Schleifen unter den h\u00f6chsten technologischen Bedingungen erzielt. Die perfekte Ausrichtung des Schleifzentrums mit der Qualit\u00e4tskontrolle gew\u00e4hrleistet die Wiederholbarkeit des Prozesses und die volle Aussch\u00f6pfung des Potenzials der mit einem integrierten Renishaw-Messsystem ausgestatteten Maschine.<\/p>\n<p><img loading=\"lazy\" decoding=\"async\" class=\"alignnone size-thumbnail wp-image-2411\" src=\"https:\/\/zkz.net.pl\/wp-content\/uploads\/2023\/06\/kola-zebate-daszkowe-wewnetrzne-150x150.jpg\" alt=\"\" width=\"150\" height=\"150\" \/> <img loading=\"lazy\" decoding=\"async\" class=\"alignnone size-thumbnail wp-image-2404\" src=\"https:\/\/zkz.net.pl\/wp-content\/uploads\/2023\/06\/waly-zebate-daszkowe-1-150x150.jpg\" alt=\"\" width=\"150\" height=\"150\" \/><\/p>","protected":false},"excerpt":{"rendered":"<p>\u201eAPEX\u201d in WENZEL WGT 400 Der theoretische APEX-Punkt, der zwei spiralf\u00f6rmige Linien an unseren Teilen synchronisiert, ist immer gleich Null. Solche hervorragenden Ergebnisse werden dank hochwertiger W\u00e4lzfr\u00e4smaschinen, stabilem und wiederholbarem W\u00e4rmebehandlungsprozess und pr\u00e4zisem Schleifen unter den h\u00f6chsten technologischen Bedingungen erzielt. Die perfekte Ausrichtung des Schleifzentrums mit der Qualit\u00e4tskontrolle gew\u00e4hrleistet die Wiederholbarkeit des Prozesses und die [&hellip;]<\/p>\n","protected":false},"author":3,"featured_media":2404,"parent":10,"menu_order":17,"comment_status":"closed","ping_status":"closed","template":"text-page.php","meta":{"footnotes":""},"class_list":["post-748","page","type-page","status-publish","has-post-thumbnail","hentry"],"_links":{"self":[{"href":"https:\/\/zkz.net.pl\/de\/wp-json\/wp\/v2\/pages\/748","targetHints":{"allow":["GET"]}}],"collection":[{"href":"https:\/\/zkz.net.pl\/de\/wp-json\/wp\/v2\/pages"}],"about":[{"href":"https:\/\/zkz.net.pl\/de\/wp-json\/wp\/v2\/types\/page"}],"author":[{"embeddable":true,"href":"https:\/\/zkz.net.pl\/de\/wp-json\/wp\/v2\/users\/3"}],"replies":[{"embeddable":true,"href":"https:\/\/zkz.net.pl\/de\/wp-json\/wp\/v2\/comments?post=748"}],"version-history":[{"count":21,"href":"https:\/\/zkz.net.pl\/de\/wp-json\/wp\/v2\/pages\/748\/revisions"}],"predecessor-version":[{"id":2685,"href":"https:\/\/zkz.net.pl\/de\/wp-json\/wp\/v2\/pages\/748\/revisions\/2685"}],"up":[{"embeddable":true,"href":"https:\/\/zkz.net.pl\/de\/wp-json\/wp\/v2\/pages\/10"}],"wp:featuredmedia":[{"embeddable":true,"href":"https:\/\/zkz.net.pl\/de\/wp-json\/wp\/v2\/media\/2404"}],"wp:attachment":[{"href":"https:\/\/zkz.net.pl\/de\/wp-json\/wp\/v2\/media?parent=748"}],"curies":[{"name":"wp","href":"https:\/\/api.w.org\/{rel}","templated":true}]}}