{"id":736,"date":"2020-10-20T14:24:54","date_gmt":"2020-10-20T12:24:54","guid":{"rendered":"https:\/\/zkz.net.pl\/?page_id=736"},"modified":"2023-06-28T08:20:40","modified_gmt":"2023-06-28T06:20:40","slug":"kola-zebate-zewnetrzne","status":"publish","type":"page","link":"https:\/\/zkz.net.pl\/de\/zahnrad-angebot\/zahnrad-stirn-schrauben\/","title":{"rendered":"ZAHNRAD STIRNRAD SCHRAUBENRAD"},"content":{"rendered":"<p>Zahnr\u00e4der mit gerader und schr\u00e4ger Au\u00dfenverzahnung, Durchmesser min.10 mm bis max. 800mm<\/p>\n<p><img loading=\"lazy\" decoding=\"async\" class=\"alignnone wp-image-1338\" src=\"https:\/\/zkz.net.pl\/wp-content\/uploads\/2020\/11\/ko\u0142o-z\u0119bate-proste-ewolwentowe.png\" alt=\"\" width=\"212\" height=\"200\" srcset=\"https:\/\/zkz.net.pl\/wp-content\/uploads\/2020\/11\/ko\u0142o-z\u0119bate-proste-ewolwentowe.png 770w, https:\/\/zkz.net.pl\/wp-content\/uploads\/2020\/11\/ko\u0142o-z\u0119bate-proste-ewolwentowe-300x283.png 300w, https:\/\/zkz.net.pl\/wp-content\/uploads\/2020\/11\/ko\u0142o-z\u0119bate-proste-ewolwentowe-768x724.png 768w, https:\/\/zkz.net.pl\/wp-content\/uploads\/2020\/11\/ko\u0142o-z\u0119bate-proste-ewolwentowe-21x20.png 21w\" sizes=\"auto, (max-width: 212px) 100vw, 212px\" \/> \u00a0 \u00a0 \u00a0\u00a0 <strong><img loading=\"lazy\" decoding=\"async\" class=\"alignnone wp-image-1339\" src=\"https:\/\/zkz.net.pl\/wp-content\/uploads\/2020\/11\/ko\u0142o-z\u0119bate-proste-pompa-hydrauliczna.png\" alt=\"\" width=\"210\" height=\"200\" srcset=\"https:\/\/zkz.net.pl\/wp-content\/uploads\/2020\/11\/ko\u0142o-z\u0119bate-proste-pompa-hydrauliczna.png 518w, https:\/\/zkz.net.pl\/wp-content\/uploads\/2020\/11\/ko\u0142o-z\u0119bate-proste-pompa-hydrauliczna-300x286.png 300w, https:\/\/zkz.net.pl\/wp-content\/uploads\/2020\/11\/ko\u0142o-z\u0119bate-proste-pompa-hydrauliczna-21x20.png 21w\" sizes=\"auto, (max-width: 210px) 100vw, 210px\" \/> <img loading=\"lazy\" decoding=\"async\" class=\"alignnone wp-image-1346\" src=\"https:\/\/zkz.net.pl\/wp-content\/uploads\/2020\/11\/ko\u0142a-z\u0119bate-\u015brubowe.png\" alt=\"\" width=\"186\" height=\"200\" srcset=\"https:\/\/zkz.net.pl\/wp-content\/uploads\/2020\/11\/ko\u0142a-z\u0119bate-\u015brubowe.png 569w, https:\/\/zkz.net.pl\/wp-content\/uploads\/2020\/11\/ko\u0142a-z\u0119bate-\u015brubowe-278x300.png 278w, https:\/\/zkz.net.pl\/wp-content\/uploads\/2020\/11\/ko\u0142a-z\u0119bate-\u015brubowe-19x20.png 19w\" sizes=\"auto, (max-width: 186px) 100vw, 186px\" \/><img loading=\"lazy\" decoding=\"async\" class=\"alignnone wp-image-1347\" src=\"https:\/\/zkz.net.pl\/wp-content\/uploads\/2020\/11\/korekcje.png\" alt=\"\" width=\"268\" height=\"200\" srcset=\"https:\/\/zkz.net.pl\/wp-content\/uploads\/2020\/11\/korekcje.png 1067w, https:\/\/zkz.net.pl\/wp-content\/uploads\/2020\/11\/korekcje-300x224.png 300w, https:\/\/zkz.net.pl\/wp-content\/uploads\/2020\/11\/korekcje-768x572.png 768w, https:\/\/zkz.net.pl\/wp-content\/uploads\/2020\/11\/korekcje-1024x763.png 1024w, https:\/\/zkz.net.pl\/wp-content\/uploads\/2020\/11\/korekcje-27x20.png 27w\" sizes=\"auto, (max-width: 268px) 100vw, 268px\" \/>\u00a0 \u00a0<\/strong><\/p>\n<p>Herstellungsverfahren: Sto\u00dfen \u2013 Fellows-Verfahren, konventionelle Sto\u00dfmaschinen, Fr\u00e4sen \u2013 W\u00e4lzfr\u00e4s- und Formgebungsverfahren, CNC-Maschinen, Brennen \u2013 CNC-Drahtbrenner, Schleifen \u2013 Profil-, W\u00e4lz- und topologisches Verfahren, Forzatsspindel ab fi 30<\/p>\n<p>M\u00f6gliche Modifikationen: Linie &#8211; z.B. Barrel, Trochoidenprofil &#8211; z.B. Druckwinkel , Variablen Kopf &#8211; Radius , gerade , tangential Fu\u00df &#8211; Radius , einfach , tangential<\/p>\n<p>NEU: ZAHNR\u00c4DER MIT AUSSEN- UND INNENVERZAHNUNG<\/p>\n<p>: Zahnr\u00e4der mit hybrider Kontur mit erh\u00f6hten Geometrie- und Festigkeitsparametern. Technologie zur Herstellung von Zahnr\u00e4dern ohne Notwendigkeit des Schleifens nach dem W\u00e4rmebehandlungsprozess, basierend auf \u201eHybrid-Carbon-Nitrieren\u201c gem\u00e4\u00df unserem Patent PL 237076 \u201eVerfahren zum Gas-Hybrid-Carbon-Nitrieren von legierten St\u00e4hlen in Wirbelschicht\u00f6fen\u201c. Eliminierung des Fr\u00e4s- und Schleifprozesses und Ersatz durch einen einzigen Sch\u00e4lprozess mit power-skivingt.<\/p>\n<p><a href=\"https:\/\/zkz.net.pl\/wp-content\/uploads\/2020\/11\/Gear-profile-grinding-machines-ZE-800.jpg\" target=\"_blank\" rel=\"noopener noreferrer\"><img loading=\"lazy\" decoding=\"async\" class=\"alignnone wp-image-1084\" src=\"https:\/\/zkz.net.pl\/wp-content\/uploads\/2020\/11\/NILES-ZE-800.png\" sizes=\"auto, (max-width: 219px) 100vw, 219px\" srcset=\"https:\/\/zkz.net.pl\/wp-content\/uploads\/2020\/11\/NILES-ZE-800.png 424w, https:\/\/zkz.net.pl\/wp-content\/uploads\/2020\/11\/NILES-ZE-800-300x41.png 300w, https:\/\/zkz.net.pl\/wp-content\/uploads\/2020\/11\/NILES-ZE-800-146x20.png 146w\" alt=\"\" width=\"219\" height=\"30\" \/><\/a>\u00a0\u00a0 \u00a0 \u00a0\u00a0<a href=\"https:\/\/zkz.net.pl\/wp-content\/uploads\/2020\/11\/KX-300-P.jpg\" target=\"_blank\" rel=\"noopener noreferrer\"><img loading=\"lazy\" decoding=\"async\" class=\"alignnone wp-image-1083\" src=\"https:\/\/zkz.net.pl\/wp-content\/uploads\/2020\/11\/KAPP-KX-300-P.png\" sizes=\"auto, (max-width: 229px) 100vw, 229px\" srcset=\"https:\/\/zkz.net.pl\/wp-content\/uploads\/2020\/11\/KAPP-KX-300-P.png 466w, https:\/\/zkz.net.pl\/wp-content\/uploads\/2020\/11\/KAPP-KX-300-P-300x39.png 300w, https:\/\/zkz.net.pl\/wp-content\/uploads\/2020\/11\/KAPP-KX-300-P-153x20.png 153w\" alt=\"\" width=\"229\" height=\"30\" \/><\/a>\u00a0\u00a0 \u00a0 \u00a0 \u00a0\u00a0<a href=\"https:\/\/zkz.net.pl\/wp-content\/uploads\/2020\/11\/LC-800-Liebherr.pdf\" target=\"_blank\" rel=\"noopener noreferrer\"><img loading=\"lazy\" decoding=\"async\" class=\"alignnone wp-image-1327\" src=\"https:\/\/zkz.net.pl\/wp-content\/uploads\/2020\/11\/LIEBHERR-LC-800.png\" sizes=\"auto, (max-width: 131px) 100vw, 131px\" srcset=\"https:\/\/zkz.net.pl\/wp-content\/uploads\/2020\/11\/LIEBHERR-LC-800.png 253w, https:\/\/zkz.net.pl\/wp-content\/uploads\/2020\/11\/LIEBHERR-LC-800-87x20.png 87w\" alt=\"\" width=\"131\" height=\"30\" \/><\/a>\u00a0\u00a0 \u00a0 \u00a0\u00a0<a href=\"https:\/\/zkz.net.pl\/technologie\/#cat-227\" target=\"_blank\" rel=\"noopener noreferrer\"><img loading=\"lazy\" decoding=\"async\" class=\"alignnone wp-image-230\" src=\"https:\/\/zkz.net.pl\/wp-content\/uploads\/2019\/01\/RICHARDON-1.jpg\" alt=\"\" width=\"207\" height=\"30\" \/><\/a>\u00a0 \u00a0 <a href=\"https:\/\/zkz.net.pl\/technologie\/#cat-227\"><img loading=\"lazy\" decoding=\"async\" class=\"alignnone wp-image-1692\" src=\"https:\/\/zkz.net.pl\/wp-content\/uploads\/2022\/04\/GROB_Logo.svg_-e1651223535751.png\" alt=\"\" width=\"96\" height=\"30\" \/><\/a><\/p>","protected":false},"excerpt":{"rendered":"<p>Zahnr\u00e4der mit gerader und schr\u00e4ger Au\u00dfenverzahnung, Durchmesser min.10 mm bis max. 800mm \u00a0 \u00a0 \u00a0\u00a0 \u00a0 \u00a0 Herstellungsverfahren: Sto\u00dfen \u2013 Fellows-Verfahren, konventionelle Sto\u00dfmaschinen, Fr\u00e4sen \u2013 W\u00e4lzfr\u00e4s- und Formgebungsverfahren, CNC-Maschinen, Brennen \u2013 CNC-Drahtbrenner, Schleifen \u2013 Profil-, W\u00e4lz- und topologisches Verfahren, Forzatsspindel ab fi 30 M\u00f6gliche Modifikationen: Linie &#8211; z.B. Barrel, Trochoidenprofil &#8211; z.B. Druckwinkel , Variablen [&hellip;]<\/p>\n","protected":false},"author":3,"featured_media":2213,"parent":10,"menu_order":17,"comment_status":"closed","ping_status":"closed","template":"text-page.php","meta":{"footnotes":""},"class_list":["post-736","page","type-page","status-publish","has-post-thumbnail","hentry"],"_links":{"self":[{"href":"https:\/\/zkz.net.pl\/de\/wp-json\/wp\/v2\/pages\/736","targetHints":{"allow":["GET"]}}],"collection":[{"href":"https:\/\/zkz.net.pl\/de\/wp-json\/wp\/v2\/pages"}],"about":[{"href":"https:\/\/zkz.net.pl\/de\/wp-json\/wp\/v2\/types\/page"}],"author":[{"embeddable":true,"href":"https:\/\/zkz.net.pl\/de\/wp-json\/wp\/v2\/users\/3"}],"replies":[{"embeddable":true,"href":"https:\/\/zkz.net.pl\/de\/wp-json\/wp\/v2\/comments?post=736"}],"version-history":[{"count":31,"href":"https:\/\/zkz.net.pl\/de\/wp-json\/wp\/v2\/pages\/736\/revisions"}],"predecessor-version":[{"id":1787,"href":"https:\/\/zkz.net.pl\/de\/wp-json\/wp\/v2\/pages\/736\/revisions\/1787"}],"up":[{"embeddable":true,"href":"https:\/\/zkz.net.pl\/de\/wp-json\/wp\/v2\/pages\/10"}],"wp:featuredmedia":[{"embeddable":true,"href":"https:\/\/zkz.net.pl\/de\/wp-json\/wp\/v2\/media\/2213"}],"wp:attachment":[{"href":"https:\/\/zkz.net.pl\/de\/wp-json\/wp\/v2\/media?parent=736"}],"curies":[{"name":"wp","href":"https:\/\/api.w.org\/{rel}","templated":true}]}}