{"id":5,"date":"2018-06-25T14:47:27","date_gmt":"2018-06-25T12:47:27","guid":{"rendered":"http:\/\/zkz.net.pl\/?page_id=5"},"modified":"2026-02-02T14:09:45","modified_gmt":"2026-02-02T13:09:45","slug":"o-nas","status":"publish","type":"page","link":"https:\/\/zkz.net.pl\/de\/uber-uns\/","title":{"rendered":"\u00dcBER UNS"},"content":{"rendered":"<p><img loading=\"lazy\" decoding=\"async\" class=\"alignnone wp-image-1084\" src=\"https:\/\/zkz.net.pl\/wp-content\/uploads\/2020\/11\/NILES-ZE-800.png\" sizes=\"auto, (max-width: 219px) 100vw, 219px\" srcset=\"https:\/\/zkz.net.pl\/wp-content\/uploads\/2020\/11\/NILES-ZE-800.png 424w, https:\/\/zkz.net.pl\/wp-content\/uploads\/2020\/11\/NILES-ZE-800-300x41.png 300w, https:\/\/zkz.net.pl\/wp-content\/uploads\/2020\/11\/NILES-ZE-800-146x20.png 146w\" alt=\"\" width=\"219\" height=\"30\" \/><img loading=\"lazy\" decoding=\"async\" class=\"alignnone wp-image-1083\" src=\"https:\/\/zkz.net.pl\/wp-content\/uploads\/2020\/11\/KAPP-KX-300-P.png\" sizes=\"auto, (max-width: 229px) 100vw, 229px\" srcset=\"https:\/\/zkz.net.pl\/wp-content\/uploads\/2020\/11\/KAPP-KX-300-P.png 466w, https:\/\/zkz.net.pl\/wp-content\/uploads\/2020\/11\/KAPP-KX-300-P-300x39.png 300w, https:\/\/zkz.net.pl\/wp-content\/uploads\/2020\/11\/KAPP-KX-300-P-153x20.png 153w\" alt=\"\" width=\"229\" height=\"30\" \/><img loading=\"lazy\" decoding=\"async\" class=\"alignnone wp-image-1327\" src=\"https:\/\/zkz.net.pl\/wp-content\/uploads\/2020\/11\/LIEBHERR-LC-800.png\" sizes=\"auto, (max-width: 131px) 100vw, 131px\" srcset=\"https:\/\/zkz.net.pl\/wp-content\/uploads\/2020\/11\/LIEBHERR-LC-800.png 253w, https:\/\/zkz.net.pl\/wp-content\/uploads\/2020\/11\/LIEBHERR-LC-800-87x20.png 87w\" alt=\"\" width=\"135\" height=\"31\" \/> <img loading=\"lazy\" decoding=\"async\" class=\"alignnone wp-image-230\" src=\"https:\/\/zkz.net.pl\/wp-content\/uploads\/2019\/01\/RICHARDON-1.jpg\" alt=\"\" width=\"207\" height=\"30\" \/>\u00a0<img loading=\"lazy\" decoding=\"async\" class=\"alignnone wp-image-1692\" src=\"https:\/\/zkz.net.pl\/wp-content\/uploads\/2022\/04\/GROB_Logo.svg_-e1651223535751.png\" alt=\"\" width=\"96\" height=\"30\" \/> \u00a0<img loading=\"lazy\" decoding=\"async\" class=\"alignnone wp-image-1926\" src=\"https:\/\/zkz.net.pl\/wp-content\/uploads\/2023\/04\/logo-wenzel-300x67.png\" alt=\"\" width=\"134\" height=\"30\" srcset=\"https:\/\/zkz.net.pl\/wp-content\/uploads\/2023\/04\/logo-wenzel-300x67.png 300w, https:\/\/zkz.net.pl\/wp-content\/uploads\/2023\/04\/logo-wenzel-1024x227.png 1024w, https:\/\/zkz.net.pl\/wp-content\/uploads\/2023\/04\/logo-wenzel-768x170.png 768w, https:\/\/zkz.net.pl\/wp-content\/uploads\/2023\/04\/logo-wenzel-1536x341.png 1536w, https:\/\/zkz.net.pl\/wp-content\/uploads\/2023\/04\/logo-wenzel-90x20.png 90w, https:\/\/zkz.net.pl\/wp-content\/uploads\/2023\/04\/logo-wenzel.png 1600w\" sizes=\"auto, (max-width: 134px) 100vw, 134px\" \/><\/p>\n<div style=\"width: 1138px;\" class=\"wp-video\"><video class=\"wp-video-shortcode\" id=\"video-5-3\" width=\"1138\" height=\"640\" preload=\"metadata\" controls=\"controls\"><source type=\"video\/mp4\" src=\"https:\/\/zkz.net.pl\/wp-content\/uploads\/2023\/11\/zkz-promo.mp4?_=3\" \/><a href=\"https:\/\/zkz.net.pl\/wp-content\/uploads\/2023\/11\/zkz-promo.mp4\">https:\/\/zkz.net.pl\/wp-content\/uploads\/2023\/11\/zkz-promo.mp4<\/a><\/video><\/div>\n<p><a href=\"https:\/\/zkz.net.pl\/wp-content\/uploads\/2022\/05\/PREZENTACJA-ZKZ-05-2022.pdf\" target=\"_blank\" rel=\"noopener\"><img loading=\"lazy\" decoding=\"async\" class=\"wp-image-1706 alignnone\" src=\"https:\/\/zkz.net.pl\/wp-content\/uploads\/2022\/05\/pdf.jpg\" alt=\"\" width=\"58\" height=\"72\" srcset=\"https:\/\/zkz.net.pl\/wp-content\/uploads\/2022\/05\/pdf.jpg 110w, https:\/\/zkz.net.pl\/wp-content\/uploads\/2022\/05\/pdf-16x20.jpg 16w\" sizes=\"auto, (max-width: 58px) 100vw, 58px\" \/><\/a>\u00a0 \u00a0Prezentacja ZKZsc<\/p>\n<p><a href=\"https:\/\/defence24.pl\/przemysl\/wspolczesna-produkcja-kol-zebatych\" target=\"_blank\" rel=\"noopener\"><img loading=\"lazy\" decoding=\"async\" class=\"alignnone wp-image-1892\" src=\"https:\/\/zkz.net.pl\/wp-content\/uploads\/2023\/04\/Defence24.png\" alt=\"\" width=\"120\" height=\"41\" srcset=\"https:\/\/zkz.net.pl\/wp-content\/uploads\/2023\/04\/Defence24.png 222w, https:\/\/zkz.net.pl\/wp-content\/uploads\/2023\/04\/Defence24-58x20.png 58w\" sizes=\"auto, (max-width: 120px) 100vw, 120px\" \/><\/a>\u00a0 -Zapraszamy do przeczytania artyku\u0142u o ZKZsc na portalu Defence 24<\/p>\n<p><a href=\"https:\/\/www.facebook.com\/reel\/589360025934936\" target=\"_blank\" rel=\"noopener\"><img loading=\"lazy\" decoding=\"async\" class=\"alignnone wp-image-1887\" src=\"https:\/\/zkz.net.pl\/wp-content\/uploads\/2023\/04\/pobrane-300x106.png\" alt=\"\" width=\"130\" height=\"46\" srcset=\"https:\/\/zkz.net.pl\/wp-content\/uploads\/2023\/04\/pobrane-300x106.png 300w, https:\/\/zkz.net.pl\/wp-content\/uploads\/2023\/04\/pobrane-57x20.png 57w, https:\/\/zkz.net.pl\/wp-content\/uploads\/2023\/04\/pobrane.png 378w\" sizes=\"auto, (max-width: 130px) 100vw, 130px\" \/><\/a>-Nacinanie ko\u0142a z\u0119batego metod\u0105 Power Skiwing (GROB G 350 T)<\/p>\n<p><a href=\"https:\/\/fb.watch\/jUKp8JSApv\/\" target=\"_blank\" rel=\"noopener\"><img loading=\"lazy\" decoding=\"async\" class=\"alignnone wp-image-1887\" src=\"https:\/\/zkz.net.pl\/wp-content\/uploads\/2023\/04\/pobrane-300x106.png\" alt=\"\" width=\"130\" height=\"46\" srcset=\"https:\/\/zkz.net.pl\/wp-content\/uploads\/2023\/04\/pobrane-300x106.png 300w, https:\/\/zkz.net.pl\/wp-content\/uploads\/2023\/04\/pobrane-57x20.png 57w, https:\/\/zkz.net.pl\/wp-content\/uploads\/2023\/04\/pobrane.png 378w\" sizes=\"auto, (max-width: 130px) 100vw, 130px\" \/><\/a>-Wielostopniowa przek\u0142adnia planetarna<\/p>\n<p><a href=\"https:\/\/www.facebook.com\/andrzej.olszacki\/videos\/633433711397846\/\" target=\"_blank\" rel=\"noopener\"><img loading=\"lazy\" decoding=\"async\" class=\"alignnone wp-image-1887\" src=\"https:\/\/zkz.net.pl\/wp-content\/uploads\/2023\/04\/pobrane-300x106.png\" alt=\"\" width=\"130\" height=\"46\" srcset=\"https:\/\/zkz.net.pl\/wp-content\/uploads\/2023\/04\/pobrane-300x106.png 300w, https:\/\/zkz.net.pl\/wp-content\/uploads\/2023\/04\/pobrane-57x20.png 57w, https:\/\/zkz.net.pl\/wp-content\/uploads\/2023\/04\/pobrane.png 378w\" sizes=\"auto, (max-width: 130px) 100vw, 130px\" \/><\/a>-Pomiary ko\u0142a z\u0119batego daszkowego &#8222;APEX&#8220; na maszynie WENZEL WGT 400<\/p>\n<p><a href=\"https:\/\/fb.watch\/jUKL9LB-GH\/\" target=\"_blank\" rel=\"noopener\"><img loading=\"lazy\" decoding=\"async\" class=\"alignnone wp-image-1887\" src=\"https:\/\/zkz.net.pl\/wp-content\/uploads\/2023\/04\/pobrane-300x106.png\" alt=\"\" width=\"130\" height=\"46\" srcset=\"https:\/\/zkz.net.pl\/wp-content\/uploads\/2023\/04\/pobrane-300x106.png 300w, https:\/\/zkz.net.pl\/wp-content\/uploads\/2023\/04\/pobrane-57x20.png 57w, https:\/\/zkz.net.pl\/wp-content\/uploads\/2023\/04\/pobrane.png 378w\" sizes=\"auto, (max-width: 130px) 100vw, 130px\" \/><\/a>-Frezowanie k\u00f3\u0142 z\u0119batych na maszynie 6-osiowej CNC LIEBHER LC 800<\/p>\n<p><a href=\"https:\/\/fb.watch\/jULiFW0GWA\/\" target=\"_blank\" rel=\"noopener\"><img loading=\"lazy\" decoding=\"async\" class=\"alignnone wp-image-1887\" src=\"https:\/\/zkz.net.pl\/wp-content\/uploads\/2023\/04\/pobrane-300x106.png\" alt=\"\" width=\"130\" height=\"46\" srcset=\"https:\/\/zkz.net.pl\/wp-content\/uploads\/2023\/04\/pobrane-300x106.png 300w, https:\/\/zkz.net.pl\/wp-content\/uploads\/2023\/04\/pobrane-57x20.png 57w, https:\/\/zkz.net.pl\/wp-content\/uploads\/2023\/04\/pobrane.png 378w\" sizes=\"auto, (max-width: 130px) 100vw, 130px\" \/><\/a>-Nacinanie wielowypustu ewolwentowego na drut\u00f3wce CNC z pliku DXF<\/p>\n<p><a href=\"https:\/\/www.facebook.com\/reel\/1495410014319904\" target=\"_blank\" rel=\"noopener\"><img loading=\"lazy\" decoding=\"async\" class=\"alignnone wp-image-1887\" src=\"https:\/\/zkz.net.pl\/wp-content\/uploads\/2023\/04\/pobrane-300x106.png\" alt=\"\" width=\"130\" height=\"46\" srcset=\"https:\/\/zkz.net.pl\/wp-content\/uploads\/2023\/04\/pobrane-300x106.png 300w, https:\/\/zkz.net.pl\/wp-content\/uploads\/2023\/04\/pobrane-57x20.png 57w, https:\/\/zkz.net.pl\/wp-content\/uploads\/2023\/04\/pobrane.png 378w\" sizes=\"auto, (max-width: 130px) 100vw, 130px\" \/><\/a>-Szlifowanie wielowypustu ewolwentowego wewn\u0119trznego na szlifierce CNC Niles ZE 800<\/p>\n<p><a href=\"https:\/\/www.facebook.com\/reel\/1005802167060068\" target=\"_blank\" rel=\"noopener\"><img loading=\"lazy\" decoding=\"async\" class=\"alignnone wp-image-1887\" src=\"https:\/\/zkz.net.pl\/wp-content\/uploads\/2023\/04\/pobrane-300x106.png\" alt=\"\" width=\"130\" height=\"46\" srcset=\"https:\/\/zkz.net.pl\/wp-content\/uploads\/2023\/04\/pobrane-300x106.png 300w, https:\/\/zkz.net.pl\/wp-content\/uploads\/2023\/04\/pobrane-57x20.png 57w, https:\/\/zkz.net.pl\/wp-content\/uploads\/2023\/04\/pobrane.png 378w\" sizes=\"auto, (max-width: 130px) 100vw, 130px\" \/><\/a>Precyzyjne szlifowanie ko\u0142a z\u0119batego ewolwentowego (6-DIN) na szlifierce CNC Niles ZE 800<\/p>\n<p><a href=\"https:\/\/www.facebook.com\/100000496842497\/videos\/5395076567226145\/\" target=\"_blank\" rel=\"noopener\"><img loading=\"lazy\" decoding=\"async\" class=\"alignnone wp-image-1887\" src=\"https:\/\/zkz.net.pl\/wp-content\/uploads\/2023\/04\/pobrane-300x106.png\" alt=\"\" width=\"130\" height=\"46\" srcset=\"https:\/\/zkz.net.pl\/wp-content\/uploads\/2023\/04\/pobrane-300x106.png 300w, https:\/\/zkz.net.pl\/wp-content\/uploads\/2023\/04\/pobrane-57x20.png 57w, https:\/\/zkz.net.pl\/wp-content\/uploads\/2023\/04\/pobrane.png 378w\" sizes=\"auto, (max-width: 130px) 100vw, 130px\" \/><\/a>Precyzyjne toczenie CNC w materiale hartowanym zarysu kulowego<\/p>\n<h3><a href=\"https:\/\/zkz.net.pl\/kola-zebate-produkcja\/\" target=\"_blank\" rel=\"noopener\">SZLIFOWANIE , FREZOWANIE, TOCZENIE, D\u0141UTOWANIE, WYCINANIE, POVER SKIWING, K\u00d3\u0141 Z\u0118BATYCH,<\/a><\/h3>\n<p>&nbsp;<\/p>\n<p><a href=\"https:\/\/zkz.net.pl\/rodo\/\"><img loading=\"lazy\" decoding=\"async\" class=\"alignnone wp-image-1016\" src=\"https:\/\/zkz.net.pl\/wp-content\/uploads\/2020\/11\/DSGVO.png\" alt=\"\" width=\"90\" height=\"50\" srcset=\"https:\/\/zkz.net.pl\/wp-content\/uploads\/2020\/11\/DSGVO.png 179w, https:\/\/zkz.net.pl\/wp-content\/uploads\/2020\/11\/DSGVO-36x20.png 36w\" sizes=\"auto, (max-width: 90px) 100vw, 90px\" \/><\/a><\/p>","protected":false},"excerpt":{"rendered":"<p>\u00a0 \u00a0 \u00a0 \u00a0Prezentacja ZKZsc \u00a0 -Zapraszamy do przeczytania artyku\u0142u o ZKZsc na portalu Defence 24 -Nacinanie ko\u0142a z\u0119batego metod\u0105 Power Skiwing (GROB G 350 T) -Wielostopniowa przek\u0142adnia planetarna -Pomiary ko\u0142a z\u0119batego daszkowego &#8222;APEX&#8220; na maszynie WENZEL WGT 400 -Frezowanie k\u00f3\u0142 z\u0119batych na maszynie 6-osiowej CNC LIEBHER LC 800 -Nacinanie wielowypustu ewolwentowego na drut\u00f3wce CNC [&hellip;]<\/p>\n","protected":false},"author":1,"featured_media":2411,"parent":0,"menu_order":14,"comment_status":"closed","ping_status":"closed","template":"text-page.php","meta":{"footnotes":""},"class_list":["post-5","page","type-page","status-publish","has-post-thumbnail","hentry"],"_links":{"self":[{"href":"https:\/\/zkz.net.pl\/de\/wp-json\/wp\/v2\/pages\/5","targetHints":{"allow":["GET"]}}],"collection":[{"href":"https:\/\/zkz.net.pl\/de\/wp-json\/wp\/v2\/pages"}],"about":[{"href":"https:\/\/zkz.net.pl\/de\/wp-json\/wp\/v2\/types\/page"}],"author":[{"embeddable":true,"href":"https:\/\/zkz.net.pl\/de\/wp-json\/wp\/v2\/users\/1"}],"replies":[{"embeddable":true,"href":"https:\/\/zkz.net.pl\/de\/wp-json\/wp\/v2\/comments?post=5"}],"version-history":[{"count":155,"href":"https:\/\/zkz.net.pl\/de\/wp-json\/wp\/v2\/pages\/5\/revisions"}],"predecessor-version":[{"id":2689,"href":"https:\/\/zkz.net.pl\/de\/wp-json\/wp\/v2\/pages\/5\/revisions\/2689"}],"wp:featuredmedia":[{"embeddable":true,"href":"https:\/\/zkz.net.pl\/de\/wp-json\/wp\/v2\/media\/2411"}],"wp:attachment":[{"href":"https:\/\/zkz.net.pl\/de\/wp-json\/wp\/v2\/media?parent=5"}],"curies":[{"name":"wp","href":"https:\/\/api.w.org\/{rel}","templated":true}]}}