{"id":469,"date":"2020-10-02T11:10:11","date_gmt":"2020-10-02T09:10:11","guid":{"rendered":"http:\/\/zkz.net.pl\/?page_id=469"},"modified":"2023-05-16T13:31:29","modified_gmt":"2023-05-16T11:31:29","slug":"unitech-sv-200","status":"publish","type":"page","link":"https:\/\/zkz.net.pl\/de\/zahnrad-produktion\/cnc-drehen\/cnc-prazisionsdrehen-3\/","title":{"rendered":"CNC-PR\u00c4ZISIONSDREHEN SV200"},"content":{"rendered":"<p><strong>Unitech SV 200<\/strong><\/p>\n<p><strong>Modell: Drehmashine SV 200<\/strong><br \/>\nXZ-Abstand: 153 x 406 mm<br \/>\nSpindeldrehzahl: 5000 U \/ min<br \/>\nMaximale Drehl\u00e4nge: 341 mm<br \/>\nSpannfuttergr\u00f6\u00dfe: 210mm<br \/>\nSpindelbohrung: 52mm<br \/>\nKontrolle: Fanuc<br \/>\nReitstockkegel: MT4<br \/>\nWerkzeuggr\u00f6\u00dfe: 20 x 20 mm<br \/>\nAnzahl der Werkzeuge: 12<\/p>","protected":false},"excerpt":{"rendered":"<p>Unitech SV 200 Modell: Drehmashine SV 200 XZ-Abstand: 153 x 406 mm Spindeldrehzahl: 5000 U \/ min Maximale Drehl\u00e4nge: 341 mm Spannfuttergr\u00f6\u00dfe: 210mm Spindelbohrung: 52mm Kontrolle: Fanuc Reitstockkegel: MT4 Werkzeuggr\u00f6\u00dfe: 20 x 20 mm Anzahl der Werkzeuge: 12<\/p>\n","protected":false},"author":3,"featured_media":470,"parent":21,"menu_order":0,"comment_status":"closed","ping_status":"closed","template":"","meta":{"footnotes":""},"class_list":["post-469","page","type-page","status-publish","has-post-thumbnail","hentry"],"_links":{"self":[{"href":"https:\/\/zkz.net.pl\/de\/wp-json\/wp\/v2\/pages\/469","targetHints":{"allow":["GET"]}}],"collection":[{"href":"https:\/\/zkz.net.pl\/de\/wp-json\/wp\/v2\/pages"}],"about":[{"href":"https:\/\/zkz.net.pl\/de\/wp-json\/wp\/v2\/types\/page"}],"author":[{"embeddable":true,"href":"https:\/\/zkz.net.pl\/de\/wp-json\/wp\/v2\/users\/3"}],"replies":[{"embeddable":true,"href":"https:\/\/zkz.net.pl\/de\/wp-json\/wp\/v2\/comments?post=469"}],"version-history":[{"count":4,"href":"https:\/\/zkz.net.pl\/de\/wp-json\/wp\/v2\/pages\/469\/revisions"}],"predecessor-version":[{"id":2098,"href":"https:\/\/zkz.net.pl\/de\/wp-json\/wp\/v2\/pages\/469\/revisions\/2098"}],"up":[{"embeddable":true,"href":"https:\/\/zkz.net.pl\/de\/wp-json\/wp\/v2\/pages\/21"}],"wp:featuredmedia":[{"embeddable":true,"href":"https:\/\/zkz.net.pl\/de\/wp-json\/wp\/v2\/media\/470"}],"wp:attachment":[{"href":"https:\/\/zkz.net.pl\/de\/wp-json\/wp\/v2\/media?parent=469"}],"curies":[{"name":"wp","href":"https:\/\/api.w.org\/{rel}","templated":true}]}}