{"id":460,"date":"2020-10-01T14:44:38","date_gmt":"2020-10-01T12:44:38","guid":{"rendered":"http:\/\/zkz.net.pl\/?page_id=460"},"modified":"2023-05-16T13:33:23","modified_gmt":"2023-05-16T11:33:23","slug":"ctx310-ekoline","status":"publish","type":"page","link":"https:\/\/zkz.net.pl\/de\/zahnrad-produktion\/cnc-drehen\/cnc-prazisionsdrehen-5\/","title":{"rendered":"CNC-PR\u00c4ZISIONSDREHEN CTX310"},"content":{"rendered":"<p><strong>DMG CTX 310<\/strong><\/p>\n<p><strong>Technische Parameter der CNC\u00a0 Drehmaschine:<\/strong><br \/>\nArbeitsbereich &#8211; Durchgang \u00fcber dem Bett: 330 mm-<br \/>\nFlug \u00fcber die Rutsche: 260 mm<br \/>\nMaximaler Drehdurchmesser: 200 mm<br \/>\nDrehl\u00e4nge in der Z-Achse: 393 mm<br \/>\nMaximaler Spanndurchmesser: 210 mm<br \/>\nQuerweg der X-Achse: 160 mm<br \/>\nL\u00e4ngsweg der Z-Achse: 450 mm<\/p>","protected":false},"excerpt":{"rendered":"<p>DMG CTX 310 Technische Parameter der CNC\u00a0 Drehmaschine: Arbeitsbereich &#8211; Durchgang \u00fcber dem Bett: 330 mm- Flug \u00fcber die Rutsche: 260 mm Maximaler Drehdurchmesser: 200 mm Drehl\u00e4nge in der Z-Achse: 393 mm Maximaler Spanndurchmesser: 210 mm Querweg der X-Achse: 160 mm L\u00e4ngsweg der Z-Achse: 450 mm<\/p>\n","protected":false},"author":3,"featured_media":1611,"parent":21,"menu_order":34,"comment_status":"closed","ping_status":"closed","template":"","meta":{"footnotes":""},"class_list":["post-460","page","type-page","status-publish","has-post-thumbnail","hentry"],"_links":{"self":[{"href":"https:\/\/zkz.net.pl\/de\/wp-json\/wp\/v2\/pages\/460","targetHints":{"allow":["GET"]}}],"collection":[{"href":"https:\/\/zkz.net.pl\/de\/wp-json\/wp\/v2\/pages"}],"about":[{"href":"https:\/\/zkz.net.pl\/de\/wp-json\/wp\/v2\/types\/page"}],"author":[{"embeddable":true,"href":"https:\/\/zkz.net.pl\/de\/wp-json\/wp\/v2\/users\/3"}],"replies":[{"embeddable":true,"href":"https:\/\/zkz.net.pl\/de\/wp-json\/wp\/v2\/comments?post=460"}],"version-history":[{"count":5,"href":"https:\/\/zkz.net.pl\/de\/wp-json\/wp\/v2\/pages\/460\/revisions"}],"predecessor-version":[{"id":2100,"href":"https:\/\/zkz.net.pl\/de\/wp-json\/wp\/v2\/pages\/460\/revisions\/2100"}],"up":[{"embeddable":true,"href":"https:\/\/zkz.net.pl\/de\/wp-json\/wp\/v2\/pages\/21"}],"wp:featuredmedia":[{"embeddable":true,"href":"https:\/\/zkz.net.pl\/de\/wp-json\/wp\/v2\/media\/1611"}],"wp:attachment":[{"href":"https:\/\/zkz.net.pl\/de\/wp-json\/wp\/v2\/media?parent=460"}],"curies":[{"name":"wp","href":"https:\/\/api.w.org\/{rel}","templated":true}]}}