{"id":30,"date":"2018-06-26T09:02:03","date_gmt":"2018-06-26T07:02:03","guid":{"rendered":"http:\/\/zkz.net.pl\/?page_id=30"},"modified":"2023-06-20T09:04:24","modified_gmt":"2023-06-20T07:04:24","slug":"qnes","status":"publish","type":"page","link":"https:\/\/zkz.net.pl\/de\/zahnrad-produktion\/qualitet-controle\/mikroharteprufung-eht\/","title":{"rendered":"ZAHNRAD Mikroh\u00e4rtepr\u00fcfung EHT"},"content":{"rendered":"<p><\/p>\n<h2 style=\"text-align: left;\">Mikroh\u00e4rtepr\u00fcfung EHT<\/h2>\n<ul>\n<li>Messung von Zahnr\u00e4dern im Zahn schnitt<\/li>\n<li>Vickers-DIN EN ISO 6507, ASTM E-384, ASTM E92<\/li>\n<li>KnoopDIN EN ISO 4545, ASTM E-384, ASTM E92<\/li>\n<li>BrinellDIN EN ISO 6506, ASTM E-10<\/li>\n<li style=\"text-align: left;\">more:<a href=\"https:\/\/zkz.net.pl\/wp-content\/uploads\/2020\/11\/brochure_hardness_qness-10-30-60-CHD-MASTER_image_en.pdf\" target=\"_blank\" rel=\"noopener noreferrer\">QNESS Q10<\/a><\/li>\n<\/ul>\n<p><\/p>","protected":false},"excerpt":{"rendered":"<p>Mikroh\u00e4rtepr\u00fcfung EHT Messung von Zahnr\u00e4dern im Zahn schnitt Vickers-DIN EN ISO 6507, ASTM E-384, ASTM E92 KnoopDIN EN ISO 4545, ASTM E-384, ASTM E92 BrinellDIN EN ISO 6506, ASTM E-10 more:QNESS Q10<\/p>\n","protected":false},"author":1,"featured_media":31,"parent":79,"menu_order":0,"comment_status":"closed","ping_status":"closed","template":"","meta":{"footnotes":""},"class_list":["post-30","page","type-page","status-publish","has-post-thumbnail","hentry"],"_links":{"self":[{"href":"https:\/\/zkz.net.pl\/de\/wp-json\/wp\/v2\/pages\/30","targetHints":{"allow":["GET"]}}],"collection":[{"href":"https:\/\/zkz.net.pl\/de\/wp-json\/wp\/v2\/pages"}],"about":[{"href":"https:\/\/zkz.net.pl\/de\/wp-json\/wp\/v2\/types\/page"}],"author":[{"embeddable":true,"href":"https:\/\/zkz.net.pl\/de\/wp-json\/wp\/v2\/users\/1"}],"replies":[{"embeddable":true,"href":"https:\/\/zkz.net.pl\/de\/wp-json\/wp\/v2\/comments?post=30"}],"version-history":[{"count":24,"href":"https:\/\/zkz.net.pl\/de\/wp-json\/wp\/v2\/pages\/30\/revisions"}],"predecessor-version":[{"id":2354,"href":"https:\/\/zkz.net.pl\/de\/wp-json\/wp\/v2\/pages\/30\/revisions\/2354"}],"up":[{"embeddable":true,"href":"https:\/\/zkz.net.pl\/de\/wp-json\/wp\/v2\/pages\/79"}],"wp:featuredmedia":[{"embeddable":true,"href":"https:\/\/zkz.net.pl\/de\/wp-json\/wp\/v2\/media\/31"}],"wp:attachment":[{"href":"https:\/\/zkz.net.pl\/de\/wp-json\/wp\/v2\/media?parent=30"}],"curies":[{"name":"wp","href":"https:\/\/api.w.org\/{rel}","templated":true}]}}