{"id":297,"date":"2019-05-16T10:31:35","date_gmt":"2019-05-16T08:31:35","guid":{"rendered":"http:\/\/zkz.net.pl\/?page_id=297"},"modified":"2023-05-16T14:01:19","modified_gmt":"2023-05-16T12:01:19","slug":"english-mazak-vtc-800-20hd-matrix-nexus-2","status":"publish","type":"page","link":"https:\/\/zkz.net.pl\/de\/zahnrad-produktion\/bearbaitungscenter-cnc\/frasen-in-4-achsen-vtc-800-20hd\/","title":{"rendered":"FR\u00c4SEN CNC IN 4 ACHSEN VTC 800 20HD"},"content":{"rendered":"<p>CNC-Bearbeitungszentrum zur Herstellung von K\u00f6rpern und anderen Elementen von Zahnr\u00e4dern<\/p>\n<p>Arbeitsbereich<br \/>\nTischh\u00f6he von der Haltung-870 mm<br \/>\nArbeitsfl\u00e4che (quer) -2.500 mm<br \/>\nArbeitsfl\u00e4chentisch (l\u00e4ngs) -820 mm<br \/>\nQuerschlitten (L\u00e4ngsrichtung) der X-2000-mm-Achse<br \/>\nS\u00e4ule (quer) der Y-800 mm Achse<br \/>\nSpindelkopf (Vertikalvorschub) der Z-720 mm Achse<br \/>\nMaximale Spindeldrehzahl (Standard) 18.000 min-\u00b9<br \/>\nSchnellfahrt (X-Achse) 50 m \/ min<br \/>\nSchnellfahrt (Y-Achse) 50 m \/ min<br \/>\nSchnellfahrt (Z-Achse) 50 m \/ min<br \/>\nDie Gr\u00f6\u00dfe der T-Nut (Rundtisch) 18mm +0.018 -0.000<br \/>\nTischl\u00e4nge 2.500 mm<br \/>\nTischbreite 820 mm<br \/>\nAutomatischer Werkzeugwechsler<br \/>\nWerkzeugmagazin Kapazit\u00e4t (Standard) 30<br \/>\nWerkzeughalter CAT-40 \/ MAS BT-40<br \/>\nMaschinenbreite4.480 mm<br \/>\nMaschinentiefe3.575 m<\/p>","protected":false},"excerpt":{"rendered":"<p>CNC-Bearbeitungszentrum zur Herstellung von K\u00f6rpern und anderen Elementen von Zahnr\u00e4dern Arbeitsbereich Tischh\u00f6he von der Haltung-870 mm Arbeitsfl\u00e4che (quer) -2.500 mm Arbeitsfl\u00e4chentisch (l\u00e4ngs) -820 mm Querschlitten (L\u00e4ngsrichtung) der X-2000-mm-Achse S\u00e4ule (quer) der Y-800 mm Achse Spindelkopf (Vertikalvorschub) der Z-720 mm Achse Maximale Spindeldrehzahl (Standard) 18.000 min-\u00b9 Schnellfahrt (X-Achse) 50 m \/ min Schnellfahrt (Y-Achse) 50 m [&hellip;]<\/p>\n","protected":false},"author":3,"featured_media":1595,"parent":447,"menu_order":0,"comment_status":"closed","ping_status":"closed","template":"","meta":{"footnotes":""},"class_list":["post-297","page","type-page","status-publish","has-post-thumbnail","hentry"],"_links":{"self":[{"href":"https:\/\/zkz.net.pl\/de\/wp-json\/wp\/v2\/pages\/297","targetHints":{"allow":["GET"]}}],"collection":[{"href":"https:\/\/zkz.net.pl\/de\/wp-json\/wp\/v2\/pages"}],"about":[{"href":"https:\/\/zkz.net.pl\/de\/wp-json\/wp\/v2\/types\/page"}],"author":[{"embeddable":true,"href":"https:\/\/zkz.net.pl\/de\/wp-json\/wp\/v2\/users\/3"}],"replies":[{"embeddable":true,"href":"https:\/\/zkz.net.pl\/de\/wp-json\/wp\/v2\/comments?post=297"}],"version-history":[{"count":9,"href":"https:\/\/zkz.net.pl\/de\/wp-json\/wp\/v2\/pages\/297\/revisions"}],"predecessor-version":[{"id":2114,"href":"https:\/\/zkz.net.pl\/de\/wp-json\/wp\/v2\/pages\/297\/revisions\/2114"}],"up":[{"embeddable":true,"href":"https:\/\/zkz.net.pl\/de\/wp-json\/wp\/v2\/pages\/447"}],"wp:featuredmedia":[{"embeddable":true,"href":"https:\/\/zkz.net.pl\/de\/wp-json\/wp\/v2\/media\/1595"}],"wp:attachment":[{"href":"https:\/\/zkz.net.pl\/de\/wp-json\/wp\/v2\/media?parent=297"}],"curies":[{"name":"wp","href":"https:\/\/api.w.org\/{rel}","templated":true}]}}