{"id":24,"date":"2018-06-25T15:57:40","date_gmt":"2018-06-25T13:57:40","guid":{"rendered":"http:\/\/zkz.net.pl\/?page_id=24"},"modified":"2023-06-20T08:09:21","modified_gmt":"2023-06-20T06:09:21","slug":"richardeon","status":"publish","type":"page","link":"https:\/\/zkz.net.pl\/de\/zahnrad-produktion\/zahnrader-prazisions-cnc-walzfrezen\/walzfrasen-2\/","title":{"rendered":"ZAHNRAD W\u00e4lzfr\u00e4sen CNC 8 DIN"},"content":{"rendered":"<p><\/p>\n<h5>RICHARDON\u00a0 R 200 CNC<\/h5>\n<p>6-Achsen, numerisch gesteuerte vertikale Abw\u00e4lzfr\u00e4smaschine zur Herstellung aller an einem zylindrischen Werkst\u00fcck m\u00f6glichen w\u00e4lzbaren Profile. Ballig-, Kegelig- oder Einzelteilfunktion sowie Mehrfachschnitt und Mehrfachverzahnungen sind anwendbar.<\/p>\n<ul>\n<li>Technische Parameter:<\/li>\n<li>Werkst\u00fcck Au\u00dfendurchmesser Min- max. 10-300 mm<\/li>\n<li>Module in Stahl 42CrMo 4 max.5 mm<\/li>\n<li>Achsabstand Radial min. &#8211; max.20- 210 mm<\/li>\n<li>Vertikal Fr\u00e4sweg max. 500 mm<\/li>\n<\/ul>\n<p><\/p>","protected":false},"excerpt":{"rendered":"<p>RICHARDON\u00a0 R 200 CNC 6-Achsen, numerisch gesteuerte vertikale Abw\u00e4lzfr\u00e4smaschine zur Herstellung aller an einem zylindrischen Werkst\u00fcck m\u00f6glichen w\u00e4lzbaren Profile. Ballig-, Kegelig- oder Einzelteilfunktion sowie Mehrfachschnitt und Mehrfachverzahnungen sind anwendbar. Technische Parameter: Werkst\u00fcck Au\u00dfendurchmesser Min- max. 10-300 mm Module in Stahl 42CrMo 4 max.5 mm Achsabstand Radial min. &#8211; max.20- 210 mm Vertikal Fr\u00e4sweg max. 500 [&hellip;]<\/p>\n","protected":false},"author":1,"featured_media":1507,"parent":227,"menu_order":15,"comment_status":"closed","ping_status":"closed","template":"technologies-page.php","meta":{"footnotes":""},"class_list":["post-24","page","type-page","status-publish","has-post-thumbnail","hentry"],"_links":{"self":[{"href":"https:\/\/zkz.net.pl\/de\/wp-json\/wp\/v2\/pages\/24","targetHints":{"allow":["GET"]}}],"collection":[{"href":"https:\/\/zkz.net.pl\/de\/wp-json\/wp\/v2\/pages"}],"about":[{"href":"https:\/\/zkz.net.pl\/de\/wp-json\/wp\/v2\/types\/page"}],"author":[{"embeddable":true,"href":"https:\/\/zkz.net.pl\/de\/wp-json\/wp\/v2\/users\/1"}],"replies":[{"embeddable":true,"href":"https:\/\/zkz.net.pl\/de\/wp-json\/wp\/v2\/comments?post=24"}],"version-history":[{"count":12,"href":"https:\/\/zkz.net.pl\/de\/wp-json\/wp\/v2\/pages\/24\/revisions"}],"predecessor-version":[{"id":2329,"href":"https:\/\/zkz.net.pl\/de\/wp-json\/wp\/v2\/pages\/24\/revisions\/2329"}],"up":[{"embeddable":true,"href":"https:\/\/zkz.net.pl\/de\/wp-json\/wp\/v2\/pages\/227"}],"wp:featuredmedia":[{"embeddable":true,"href":"https:\/\/zkz.net.pl\/de\/wp-json\/wp\/v2\/media\/1507"}],"wp:attachment":[{"href":"https:\/\/zkz.net.pl\/de\/wp-json\/wp\/v2\/media?parent=24"}],"curies":[{"name":"wp","href":"https:\/\/api.w.org\/{rel}","templated":true}]}}