{"id":2248,"date":"2023-05-22T09:35:19","date_gmt":"2023-05-22T07:35:19","guid":{"rendered":"https:\/\/zkz.net.pl\/?page_id=2248"},"modified":"2026-02-02T13:42:39","modified_gmt":"2026-02-02T12:42:39","slug":"szlifowanie-kol-zebatych-metoda-obwiedniowa","status":"publish","type":"page","link":"https:\/\/zkz.net.pl\/de\/zahnrad-angebot\/topologisches-walzschleifen\/","title":{"rendered":"Topologisches W\u00e4lzschleifen"},"content":{"rendered":"<p><\/p>\n<p id=\"tw-target-text\" class=\"tw-data-text tw-text-large tw-ta\" dir=\"ltr\" data-placeholder=\"T\u0142umaczenie\"><span class=\"Y2IQFc\" lang=\"de\">Das <strong>Schleifen von Zahnr\u00e4dern im W\u00e4lzschleifen<\/strong> mit Topographie ist eine moderne Methode zum Schleifen von Zahnr\u00e4dern f\u00fcr die Gro\u00dfserienfertigung. Es handelt sich um einen generativen Prozess, bei dem die Evolvente das Ergebnis der Interpolation mehrerer Achsen ist. Durch Drehen des Zahnrades und gleichzeitiger radialer Ver\u00e4nderung des Abstandes zwischen Werkst\u00fcckmitte und Schleifscheibe kann ein Profil \u201eerzeugt\u201c und Anpassungen vorgenommen werden. Durch eine zus\u00e4tzliche Bewegung parallel zur Drehachse des Werkst\u00fccks kann jeder Punkt auf der Seite des Zahnrads erreicht werden. Als Bearbeitungsarten stehen die Axialmethode und die Radialmethode zur Verf\u00fcgung. Bei der Axialmethode erfolgt die Vorschubrichtung in Richtung der Rotationsachse des Werkst\u00fccks. Dadurch entsteht aus der H\u00fcllkurve des Profils eine Evolvente. Produktionsbereich: gerade und schr\u00e4gverzahnte modulare Zahnr\u00e4der: von Modul 0,5 bis Modul 8, maximaler Durchmesser z. B. 350 mm<\/span><\/p>\n<p><img loading=\"lazy\" decoding=\"async\" class=\"alignnone wp-image-1083\" src=\"https:\/\/zkz.net.pl\/wp-content\/uploads\/2020\/11\/KAPP-KX-300-P.png\" sizes=\"auto, (max-width: 191px) 100vw, 191px\" srcset=\"https:\/\/zkz.net.pl\/wp-content\/uploads\/2020\/11\/KAPP-KX-300-P.png 466w, https:\/\/zkz.net.pl\/wp-content\/uploads\/2020\/11\/KAPP-KX-300-P-300x39.png 300w, https:\/\/zkz.net.pl\/wp-content\/uploads\/2020\/11\/KAPP-KX-300-P-153x20.png 153w\" alt=\"\" width=\"191\" height=\"25\" \/><\/p>","protected":false},"excerpt":{"rendered":"<p>Das Schleifen von Zahnr\u00e4dern im W\u00e4lzschleifen mit Topographie ist eine moderne Methode zum Schleifen von Zahnr\u00e4dern f\u00fcr die Gro\u00dfserienfertigung. Es handelt sich um einen generativen Prozess, bei dem die Evolvente das Ergebnis der Interpolation mehrerer Achsen ist. Durch Drehen des Zahnrades und gleichzeitiger radialer Ver\u00e4nderung des Abstandes zwischen Werkst\u00fcckmitte und Schleifscheibe kann ein Profil \u201eerzeugt\u201c [&hellip;]<\/p>\n","protected":false},"author":3,"featured_media":0,"parent":10,"menu_order":17,"comment_status":"closed","ping_status":"closed","template":"text-page.php","meta":{"footnotes":""},"class_list":["post-2248","page","type-page","status-publish","hentry"],"_links":{"self":[{"href":"https:\/\/zkz.net.pl\/de\/wp-json\/wp\/v2\/pages\/2248","targetHints":{"allow":["GET"]}}],"collection":[{"href":"https:\/\/zkz.net.pl\/de\/wp-json\/wp\/v2\/pages"}],"about":[{"href":"https:\/\/zkz.net.pl\/de\/wp-json\/wp\/v2\/types\/page"}],"author":[{"embeddable":true,"href":"https:\/\/zkz.net.pl\/de\/wp-json\/wp\/v2\/users\/3"}],"replies":[{"embeddable":true,"href":"https:\/\/zkz.net.pl\/de\/wp-json\/wp\/v2\/comments?post=2248"}],"version-history":[{"count":4,"href":"https:\/\/zkz.net.pl\/de\/wp-json\/wp\/v2\/pages\/2248\/revisions"}],"predecessor-version":[{"id":2684,"href":"https:\/\/zkz.net.pl\/de\/wp-json\/wp\/v2\/pages\/2248\/revisions\/2684"}],"up":[{"embeddable":true,"href":"https:\/\/zkz.net.pl\/de\/wp-json\/wp\/v2\/pages\/10"}],"wp:attachment":[{"href":"https:\/\/zkz.net.pl\/de\/wp-json\/wp\/v2\/media?parent=2248"}],"curies":[{"name":"wp","href":"https:\/\/api.w.org\/{rel}","templated":true}]}}