{"id":2244,"date":"2023-05-22T09:02:28","date_gmt":"2023-05-22T07:02:28","guid":{"rendered":"https:\/\/zkz.net.pl\/?page_id=2244"},"modified":"2026-02-02T13:52:07","modified_gmt":"2026-02-02T12:52:07","slug":"szlifowanie-kol-zebatych-metoda-profilowa","status":"publish","type":"page","link":"https:\/\/zkz.net.pl\/de\/zahnrad-angebot\/schleifen-von-zahnradern-im-profilverfahren\/","title":{"rendered":"Schleifen von Zahnr\u00e4dern im Profilverfahren"},"content":{"rendered":"<p><\/p>\n<p id=\"tw-target-text\" class=\"tw-data-text tw-text-large tw-ta\" dir=\"ltr\" data-placeholder=\"T\u0142umaczenie\"><span class=\"Y2IQFc\" lang=\"de\"><strong>SCHLEIFEN VON ZAHNR\u00c4DERN MIT DER PROFILMETHODE<\/strong>: Mittlere Serien- und Prototypenfertigung. Die Ausf\u00fchrungsklasse des Zahnrads ist standardm\u00e4\u00dfig 6-DIN. Bei der Herstellung von Zahnr\u00e4dern in Kleinserien mit hohen Qualit\u00e4tsanforderungen wird \u00fcblicherweise das Profilverfahren eingesetzt. Es ist m\u00f6glich, Muster von Pr\u00e4zisionszahnr\u00e4dern unter Einhaltung strenger technologischer Anforderungen zu schleifen. Das Profilschleifen von Zahnr\u00e4dern gibt uns die M\u00f6glichkeit, alle bekannten Modifikationen an der Zahnlinie und dem Profil vorzunehmen, um das Profil des Zahnrads mithilfe des aktiven Profils zu optimieren. Besonders hilfreich ist die Methode des Profilschleifens von Zahnr\u00e4dern bei der Prototypenfertigung f\u00fcr Forschungs- und Entwicklungsabteilungen mit der M\u00f6glichkeit des Schleifens im Vollmaterial, wodurch die Kosten f\u00fcr die Anschaffung streng definierter Werkzeuge zum Vorfr\u00e4sen von Zahnr\u00e4dern vor dem H\u00e4rteprozess reduziert werden. Wir sind auch in der Lage, Zahnr\u00e4der mit beliebigen innovativen Profilen herzustellen, die vom Konstrukteur in Form eines Punktenetzes (CAD-Zeichnung) definiert werden. Entwicklung. Sie haben eine Idee, niemand kann sie umsetzen, wir setzen sie um. Produktionsbereich: modulare gerade und schr\u00e4gverzahnte Zahnr\u00e4der und beliebige Profile von Modul 0,5 bis Modul 16, minimaler Durchmesser fi 10 mm, bis maximaler Durchmesser fi 800 mm<\/span><\/p>\n<p><a href=\"https:\/\/zkz.net.pl\/technologie\/kapp-niles\/kapp-kx-300\/\" target=\"_blank\" rel=\"noopener noreferrer\"><img loading=\"lazy\" decoding=\"async\" class=\"alignnone wp-image-1083\" src=\"https:\/\/zkz.net.pl\/wp-content\/uploads\/2020\/11\/KAPP-KX-300-P.png\" sizes=\"auto, (max-width: 191px) 100vw, 191px\" srcset=\"https:\/\/zkz.net.pl\/wp-content\/uploads\/2020\/11\/KAPP-KX-300-P.png 466w, https:\/\/zkz.net.pl\/wp-content\/uploads\/2020\/11\/KAPP-KX-300-P-300x39.png 300w, https:\/\/zkz.net.pl\/wp-content\/uploads\/2020\/11\/KAPP-KX-300-P-153x20.png 153w\" alt=\"\" width=\"191\" height=\"25\" \/><\/a> \u00a0\u00a0<a href=\"https:\/\/zkz.net.pl\/technologie\/kapp-niles\/mazak-vtc800-20hd-2\/\" target=\"_blank\" rel=\"noopener noreferrer\"><img loading=\"lazy\" decoding=\"async\" class=\"alignnone wp-image-1084\" src=\"https:\/\/zkz.net.pl\/wp-content\/uploads\/2020\/11\/NILES-ZE-800.png\" sizes=\"auto, (max-width: 161px) 100vw, 161px\" srcset=\"https:\/\/zkz.net.pl\/wp-content\/uploads\/2020\/11\/NILES-ZE-800.png 424w, https:\/\/zkz.net.pl\/wp-content\/uploads\/2020\/11\/NILES-ZE-800-300x41.png 300w, https:\/\/zkz.net.pl\/wp-content\/uploads\/2020\/11\/NILES-ZE-800-146x20.png 146w\" alt=\"\" width=\"161\" height=\"22\" \/><\/a><\/p>","protected":false},"excerpt":{"rendered":"<p>SCHLEIFEN VON ZAHNR\u00c4DERN MIT DER PROFILMETHODE: Mittlere Serien- und Prototypenfertigung. Die Ausf\u00fchrungsklasse des Zahnrads ist standardm\u00e4\u00dfig 6-DIN. Bei der Herstellung von Zahnr\u00e4dern in Kleinserien mit hohen Qualit\u00e4tsanforderungen wird \u00fcblicherweise das Profilverfahren eingesetzt. Es ist m\u00f6glich, Muster von Pr\u00e4zisionszahnr\u00e4dern unter Einhaltung strenger technologischer Anforderungen zu schleifen. Das Profilschleifen von Zahnr\u00e4dern gibt uns die M\u00f6glichkeit, alle bekannten [&hellip;]<\/p>\n","protected":false},"author":3,"featured_media":2430,"parent":10,"menu_order":18,"comment_status":"closed","ping_status":"closed","template":"text-page.php","meta":{"footnotes":""},"class_list":["post-2244","page","type-page","status-publish","has-post-thumbnail","hentry"],"_links":{"self":[{"href":"https:\/\/zkz.net.pl\/de\/wp-json\/wp\/v2\/pages\/2244","targetHints":{"allow":["GET"]}}],"collection":[{"href":"https:\/\/zkz.net.pl\/de\/wp-json\/wp\/v2\/pages"}],"about":[{"href":"https:\/\/zkz.net.pl\/de\/wp-json\/wp\/v2\/types\/page"}],"author":[{"embeddable":true,"href":"https:\/\/zkz.net.pl\/de\/wp-json\/wp\/v2\/users\/3"}],"replies":[{"embeddable":true,"href":"https:\/\/zkz.net.pl\/de\/wp-json\/wp\/v2\/comments?post=2244"}],"version-history":[{"count":4,"href":"https:\/\/zkz.net.pl\/de\/wp-json\/wp\/v2\/pages\/2244\/revisions"}],"predecessor-version":[{"id":2687,"href":"https:\/\/zkz.net.pl\/de\/wp-json\/wp\/v2\/pages\/2244\/revisions\/2687"}],"up":[{"embeddable":true,"href":"https:\/\/zkz.net.pl\/de\/wp-json\/wp\/v2\/pages\/10"}],"wp:featuredmedia":[{"embeddable":true,"href":"https:\/\/zkz.net.pl\/de\/wp-json\/wp\/v2\/media\/2430"}],"wp:attachment":[{"href":"https:\/\/zkz.net.pl\/de\/wp-json\/wp\/v2\/media?parent=2244"}],"curies":[{"name":"wp","href":"https:\/\/api.w.org\/{rel}","templated":true}]}}