{"id":1826,"date":"2023-04-05T13:12:45","date_gmt":"2023-04-05T11:12:45","guid":{"rendered":"https:\/\/zkz.net.pl\/?page_id=1826"},"modified":"2026-02-02T14:00:41","modified_gmt":"2026-02-02T13:00:41","slug":"precyzyjne-szlifowanie","status":"publish","type":"page","link":"https:\/\/zkz.net.pl\/de\/zahnrad-angebot\/prazisions-schleifen\/","title":{"rendered":"Pr\u00e4zisions schleifen"},"content":{"rendered":"<p>Das Schleifen der L\u00f6cher von ebenen Wellen auf numerischen Maschinen mit diamant geformten Keramik schleif scheiben ist eine der genauesten Bearbeitungsmethoden. Schleifen ist ein mechanischer Bearbeitungsprozess, der darin besteht, \u00fcbersch\u00fcssiges Material mit Schleifwerkzeugen von der Oberfl\u00e4che zu entfernen. Loch schleifen wird verwendet, um die Oberfl\u00e4chenqualit\u00e4t, die Genauigkeit der Abmessungen und Form der L\u00f6cher zu verbessern und Oberfl\u00e4chenfehler, einschlie\u00dflich Verformungen, die aus dem W\u00e4rmebehandlungsprozess resultieren, zu entfernen.<\/p>\n<p>Dieser Prozess ist sehr pr\u00e4zise und erfordert eine Qualit\u00e4ts best\u00e4tigung auf CNC-Messmaschinen in Mikrometer einheiten.<\/p>","protected":false},"excerpt":{"rendered":"<p>Das Schleifen der L\u00f6cher von ebenen Wellen auf numerischen Maschinen mit diamant geformten Keramik schleif scheiben ist eine der genauesten Bearbeitungsmethoden. Schleifen ist ein mechanischer Bearbeitungsprozess, der darin besteht, \u00fcbersch\u00fcssiges Material mit Schleifwerkzeugen von der Oberfl\u00e4che zu entfernen. Loch schleifen wird verwendet, um die Oberfl\u00e4chenqualit\u00e4t, die Genauigkeit der Abmessungen und Form der L\u00f6cher zu verbessern [&hellip;]<\/p>\n","protected":false},"author":3,"featured_media":0,"parent":10,"menu_order":19,"comment_status":"closed","ping_status":"closed","template":"text-page.php","meta":{"footnotes":""},"class_list":["post-1826","page","type-page","status-publish","hentry"],"_links":{"self":[{"href":"https:\/\/zkz.net.pl\/de\/wp-json\/wp\/v2\/pages\/1826","targetHints":{"allow":["GET"]}}],"collection":[{"href":"https:\/\/zkz.net.pl\/de\/wp-json\/wp\/v2\/pages"}],"about":[{"href":"https:\/\/zkz.net.pl\/de\/wp-json\/wp\/v2\/types\/page"}],"author":[{"embeddable":true,"href":"https:\/\/zkz.net.pl\/de\/wp-json\/wp\/v2\/users\/3"}],"replies":[{"embeddable":true,"href":"https:\/\/zkz.net.pl\/de\/wp-json\/wp\/v2\/comments?post=1826"}],"version-history":[{"count":3,"href":"https:\/\/zkz.net.pl\/de\/wp-json\/wp\/v2\/pages\/1826\/revisions"}],"predecessor-version":[{"id":2688,"href":"https:\/\/zkz.net.pl\/de\/wp-json\/wp\/v2\/pages\/1826\/revisions\/2688"}],"up":[{"embeddable":true,"href":"https:\/\/zkz.net.pl\/de\/wp-json\/wp\/v2\/pages\/10"}],"wp:attachment":[{"href":"https:\/\/zkz.net.pl\/de\/wp-json\/wp\/v2\/media?parent=1826"}],"curies":[{"name":"wp","href":"https:\/\/api.w.org\/{rel}","templated":true}]}}