{"id":1822,"date":"2023-04-05T12:39:53","date_gmt":"2023-04-05T10:39:53","guid":{"rendered":"https:\/\/zkz.net.pl\/?page_id=1822"},"modified":"2023-07-07T12:23:28","modified_gmt":"2023-07-07T10:23:28","slug":"gwinty","status":"publish","type":"page","link":"https:\/\/zkz.net.pl\/de\/zahnrad-angebot\/gewinde\/","title":{"rendered":"GEWINDE"},"content":{"rendered":"<p>Die CNC-Dreh- und Fr\u00e4s methode ist eine der beliebtesten Methoden zur Herstellung pr\u00e4ziser Gewinde. Bei dieser Methode wird die Bearbeitung an einer CNC-Drehmaschine durchgef\u00fchrt, die in der Lage ist, sehr genaue und wiederholbare Dreh operationen mit geformten Werkzeugen wie Eins\u00e4tzen oder Schneidern durchzuf\u00fchren. Das Schleifen ist hingegen ein Bearbeitungsprozess, der eine sehr glatte Gewinde oberfl\u00e4che erm\u00f6glicht. Die Reishauer NRK-Maschine ist eine der fortschrittlichsten Maschinen zum Schleifen von Gewinden, die sehr genaue und wiederholbare Ergebnisse erm\u00f6glicht. Das verwendete Schleifwerkzeug ist ein diamantf\u00f6rmiges Keramik werkzaige.<\/p>\n<p><img loading=\"lazy\" decoding=\"async\" class=\"alignnone size-thumbnail wp-image-2393\" src=\"https:\/\/zkz.net.pl\/wp-content\/uploads\/2023\/06\/gwinty-szlifowane-150x150.jpg\" alt=\"\" width=\"150\" height=\"150\" \/> <img loading=\"lazy\" decoding=\"async\" class=\"alignnone size-thumbnail wp-image-2392\" src=\"https:\/\/zkz.net.pl\/wp-content\/uploads\/2023\/06\/slimaki-szlifowane-150x150.jpg\" alt=\"\" width=\"150\" height=\"150\" \/> <img loading=\"lazy\" decoding=\"async\" class=\"alignnone size-thumbnail wp-image-2482\" src=\"https:\/\/zkz.net.pl\/wp-content\/uploads\/2023\/07\/gwinty-metryczne-150x150.jpg\" alt=\"\" width=\"150\" height=\"150\" \/><\/p>","protected":false},"excerpt":{"rendered":"<p>Die CNC-Dreh- und Fr\u00e4s methode ist eine der beliebtesten Methoden zur Herstellung pr\u00e4ziser Gewinde. Bei dieser Methode wird die Bearbeitung an einer CNC-Drehmaschine durchgef\u00fchrt, die in der Lage ist, sehr genaue und wiederholbare Dreh operationen mit geformten Werkzeugen wie Eins\u00e4tzen oder Schneidern durchzuf\u00fchren. Das Schleifen ist hingegen ein Bearbeitungsprozess, der eine sehr glatte Gewinde oberfl\u00e4che [&hellip;]<\/p>\n","protected":false},"author":3,"featured_media":2393,"parent":10,"menu_order":6,"comment_status":"closed","ping_status":"closed","template":"text-page.php","meta":{"footnotes":""},"class_list":["post-1822","page","type-page","status-publish","has-post-thumbnail","hentry"],"_links":{"self":[{"href":"https:\/\/zkz.net.pl\/de\/wp-json\/wp\/v2\/pages\/1822","targetHints":{"allow":["GET"]}}],"collection":[{"href":"https:\/\/zkz.net.pl\/de\/wp-json\/wp\/v2\/pages"}],"about":[{"href":"https:\/\/zkz.net.pl\/de\/wp-json\/wp\/v2\/types\/page"}],"author":[{"embeddable":true,"href":"https:\/\/zkz.net.pl\/de\/wp-json\/wp\/v2\/users\/3"}],"replies":[{"embeddable":true,"href":"https:\/\/zkz.net.pl\/de\/wp-json\/wp\/v2\/comments?post=1822"}],"version-history":[{"count":2,"href":"https:\/\/zkz.net.pl\/de\/wp-json\/wp\/v2\/pages\/1822\/revisions"}],"predecessor-version":[{"id":2483,"href":"https:\/\/zkz.net.pl\/de\/wp-json\/wp\/v2\/pages\/1822\/revisions\/2483"}],"up":[{"embeddable":true,"href":"https:\/\/zkz.net.pl\/de\/wp-json\/wp\/v2\/pages\/10"}],"wp:featuredmedia":[{"embeddable":true,"href":"https:\/\/zkz.net.pl\/de\/wp-json\/wp\/v2\/media\/2393"}],"wp:attachment":[{"href":"https:\/\/zkz.net.pl\/de\/wp-json\/wp\/v2\/media?parent=1822"}],"curies":[{"name":"wp","href":"https:\/\/api.w.org\/{rel}","templated":true}]}}