{"id":1655,"date":"2022-02-22T13:55:47","date_gmt":"2022-02-22T12:55:47","guid":{"rendered":"https:\/\/zkz.net.pl\/?page_id=1655"},"modified":"2023-06-20T08:10:37","modified_gmt":"2023-06-20T06:10:37","slug":"gear-powerskiving","status":"publish","type":"page","link":"https:\/\/zkz.net.pl\/de\/zahnrad-produktion\/zahnrader-prazisions-cnc-walzfrezen\/precize-zahnrad-power-skiving-7-din\/","title":{"rendered":"ZAHNRAD POWER SKIVING 7 DIN"},"content":{"rendered":"<p><\/p>\n<h1>GROB G350T<\/h1>\n<p><a href=\"https:\/\/www.facebook.com\/reel\/589360025934936\" target=\"_blank\" rel=\"noopener\"><img loading=\"lazy\" decoding=\"async\" class=\"alignnone wp-image-1887\" src=\"https:\/\/zkz.net.pl\/wp-content\/uploads\/2023\/04\/pobrane-300x106.png\" sizes=\"auto, (max-width: 130px) 100vw, 130px\" srcset=\"https:\/\/zkz.net.pl\/wp-content\/uploads\/2023\/04\/pobrane-300x106.png 300w, https:\/\/zkz.net.pl\/wp-content\/uploads\/2023\/04\/pobrane-57x20.png 57w, https:\/\/zkz.net.pl\/wp-content\/uploads\/2023\/04\/pobrane.png 378w\" alt=\"\" width=\"130\" height=\"46\" \/><\/a>Power Skiwing<\/p>\n<p>Beim W\u00e4lzsch\u00e4len handelt es sich um eine Methode zur Herstellung von Zahnr\u00e4dern und Ritzelwellen, die schneller und effizienter ist als herk\u00f6mmliche Methoden wie das Schlitzen von Schr\u00e4gverzahnungen mit Profil- und Zahnlinienkorrektur. Das W\u00e4lzsch\u00e4lverfahren ist auch bei Zahnr\u00e4dern anwendbar, bei denen das Werkzeug nur schwer aus dem Werkst\u00fcck austreten kann. Genauigkeitsklasse 7 DIN erreichbar.<\/p>\n<div class=\"productSubHeadline\">5-Achs-Fr\u00e4s-Dreh-Bearbeitungszentrum<\/div>\n<div class=\"productIntroText likeh2\">Das kompakte Fr\u00e4s-Dreh-Bearbeitungszentrum G350T erm\u00f6glicht die ideale Zerspanung kleinerer Werkst\u00fccke aus nahezu allen Materialien in nur einer Aufspannung.<\/div>\n<div class=\"productText\">Profitieren Sie von der Prozesssicherheit und Langlebigkeit des GROB-Maschinenkonzepts und \u00fcberzeugen Sie sich von den vielf\u00e4ltigen Einsatzm\u00f6glichkeiten unseres innovativen Bearbeitungszentrums G350T.<\/div>\n<div class=\"productText\"><a href=\"https:\/\/www.grobgroup.com\/en\/products\/product-range\/universal-machining-centers\/mill-turn-machining-centers\/g350t\/\" target=\"_blank\" rel=\"noopener noreferrer\">more : GROB<\/a><\/div>\n<p><\/p>","protected":false},"excerpt":{"rendered":"<p>GROB G350T Power Skiwing Beim W\u00e4lzsch\u00e4len handelt es sich um eine Methode zur Herstellung von Zahnr\u00e4dern und Ritzelwellen, die schneller und effizienter ist als herk\u00f6mmliche Methoden wie das Schlitzen von Schr\u00e4gverzahnungen mit Profil- und Zahnlinienkorrektur. Das W\u00e4lzsch\u00e4lverfahren ist auch bei Zahnr\u00e4dern anwendbar, bei denen das Werkzeug nur schwer aus dem Werkst\u00fcck austreten kann. Genauigkeitsklasse 7 [&hellip;]<\/p>\n","protected":false},"author":3,"featured_media":1660,"parent":227,"menu_order":0,"comment_status":"closed","ping_status":"closed","template":"text-page.php","meta":{"footnotes":""},"class_list":["post-1655","page","type-page","status-publish","has-post-thumbnail","hentry"],"_links":{"self":[{"href":"https:\/\/zkz.net.pl\/de\/wp-json\/wp\/v2\/pages\/1655","targetHints":{"allow":["GET"]}}],"collection":[{"href":"https:\/\/zkz.net.pl\/de\/wp-json\/wp\/v2\/pages"}],"about":[{"href":"https:\/\/zkz.net.pl\/de\/wp-json\/wp\/v2\/types\/page"}],"author":[{"embeddable":true,"href":"https:\/\/zkz.net.pl\/de\/wp-json\/wp\/v2\/users\/3"}],"replies":[{"embeddable":true,"href":"https:\/\/zkz.net.pl\/de\/wp-json\/wp\/v2\/comments?post=1655"}],"version-history":[{"count":18,"href":"https:\/\/zkz.net.pl\/de\/wp-json\/wp\/v2\/pages\/1655\/revisions"}],"predecessor-version":[{"id":2330,"href":"https:\/\/zkz.net.pl\/de\/wp-json\/wp\/v2\/pages\/1655\/revisions\/2330"}],"up":[{"embeddable":true,"href":"https:\/\/zkz.net.pl\/de\/wp-json\/wp\/v2\/pages\/227"}],"wp:featuredmedia":[{"embeddable":true,"href":"https:\/\/zkz.net.pl\/de\/wp-json\/wp\/v2\/media\/1660"}],"wp:attachment":[{"href":"https:\/\/zkz.net.pl\/de\/wp-json\/wp\/v2\/media?parent=1655"}],"curies":[{"name":"wp","href":"https:\/\/api.w.org\/{rel}","templated":true}]}}