{"id":12,"date":"2018-06-25T14:51:52","date_gmt":"2018-06-25T12:51:52","guid":{"rendered":"http:\/\/zkz.net.pl\/?page_id=12"},"modified":"2026-02-02T14:11:57","modified_gmt":"2026-02-02T13:11:57","slug":"home","status":"publish","type":"page","link":"https:\/\/zkz.net.pl\/de\/","title":{"rendered":"Zahnrad fabriken"},"content":{"rendered":"<p><\/p>\n<div class=\"col-xs-12\">\n<div class=\"col-xs-12\">\n<p data-start=\"133\" data-end=\"200\"><span style=\"color: #ffffff;\"><strong data-start=\"133\" data-end=\"198\">ZKZ GEARS \u2013 Hersteller von Pr\u00e4zisionsgetrieben und Zahnr\u00e4dern<\/strong><\/span><\/p>\n<p data-start=\"202\" data-end=\"499\"><span style=\"color: #ffffff;\">ZKZ GEARS ist ein <strong data-start=\"220\" data-end=\"269\">polnischer Hersteller von Pr\u00e4zisionsgetrieben<\/strong> und <strong data-start=\"274\" data-end=\"297\">Getriebekomponenten<\/strong> mit Erfahrung in der Zahnradproduktion seit den 1980er Jahren. Wir spezialisieren uns auf <strong data-start=\"388\" data-end=\"415\">pr\u00e4zise CNC-Bearbeitung<\/strong> und liefern zuverl\u00e4ssige L\u00f6sungen f\u00fcr die <strong data-start=\"458\" data-end=\"496\">Maschinenbau- und Industriebranche<\/strong>.<\/span><\/p>\n<p data-start=\"501\" data-end=\"864\"><span style=\"color: #ffffff;\">Im Laufe der Jahre hat ZKZ GEARS seine Expertise in der <strong data-start=\"557\" data-end=\"589\">Optimierung von Zahnprofilen<\/strong>, <strong data-start=\"591\" data-end=\"626\">Zahnr\u00e4derfertigungstechnologien<\/strong> und <strong data-start=\"631\" data-end=\"660\">Qualit\u00e4tskontrollsystemen<\/strong> ausgebaut. Die Kombination aus langj\u00e4hriger Erfahrung und moderner Technik erm\u00f6glicht es uns, Projekte vom <strong data-start=\"768\" data-end=\"797\">Konzept und Prototypenbau<\/strong> bis zur <strong data-start=\"806\" data-end=\"850\">Serienproduktion von Pr\u00e4zisionsgetrieben<\/strong> umzusetzen.<\/span><\/p>\n<p data-start=\"866\" data-end=\"1361\"><span style=\"color: #ffffff;\">Wir produzieren <strong data-start=\"882\" data-end=\"905\">Pr\u00e4zisionszahnr\u00e4der<\/strong>, darunter: <strong data-start=\"917\" data-end=\"943\">geschliffene Zahnr\u00e4der<\/strong>, <strong data-start=\"945\" data-end=\"959\">Stirnr\u00e4der<\/strong>, <strong data-start=\"961\" data-end=\"980\">Schr\u00e4gzahnr\u00e4der<\/strong>, <strong data-start=\"982\" data-end=\"1000\">Schneckenr\u00e4der<\/strong>, <strong data-start=\"1002\" data-end=\"1016\">Kegelr\u00e4der<\/strong>, <strong data-start=\"1018\" data-end=\"1035\">Synchronr\u00e4der<\/strong>, <strong data-start=\"1037\" data-end=\"1071\">modulare Au\u00dfen- und Innenr\u00e4der<\/strong>, <strong data-start=\"1073\" data-end=\"1092\">Hybridzahnr\u00e4der<\/strong>, <strong data-start=\"1094\" data-end=\"1108\">Zahnwellen<\/strong>, <strong data-start=\"1110\" data-end=\"1124\">Zahnh\u00fclsen<\/strong>, <strong data-start=\"1126\" data-end=\"1146\">Planetengetriebe<\/strong>, <strong data-start=\"1148\" data-end=\"1164\">Sonderwellen<\/strong> und andere <strong data-start=\"1176\" data-end=\"1199\">Getriebekomponenten<\/strong>. Unsere Produkte erf\u00fcllen h\u00f6chste Qualit\u00e4tsstandards und gew\u00e4hrleisten <strong data-start=\"1271\" data-end=\"1305\">zuverl\u00e4ssigen Maschinenbetrieb<\/strong>, <strong data-start=\"1307\" data-end=\"1325\">hohe Effizienz<\/strong> und <strong data-start=\"1330\" data-end=\"1358\">geringere Wartungskosten<\/strong>.<\/span><\/p>\n<p data-start=\"1363\" data-end=\"1741\"><span style=\"color: #ffffff;\">Wir bieten <strong data-start=\"1374\" data-end=\"1414\">Zahnrad-Design und Profiloptimierung<\/strong>, <strong data-start=\"1416\" data-end=\"1439\">technische Beratung<\/strong> und <strong data-start=\"1444\" data-end=\"1487\">Produktionsprozess-Design f\u00fcr Zahnr\u00e4der<\/strong>. Wir fertigen <strong data-start=\"1502\" data-end=\"1523\">Zahnradprototypen<\/strong> unter Verwendung von <strong data-start=\"1545\" data-end=\"1573\">topografischen Messungen<\/strong> und bieten umfassende <strong data-start=\"1596\" data-end=\"1634\">W\u00e4rme- und Oberfl\u00e4chenbehandlungen<\/strong>, darunter <strong data-start=\"1645\" data-end=\"1658\">Aufkohlen<\/strong>, <strong data-start=\"1660\" data-end=\"1670\">H\u00e4rten<\/strong>, <strong data-start=\"1672\" data-end=\"1685\">Nitrieren<\/strong>, <strong data-start=\"1687\" data-end=\"1694\">QPQ<\/strong>, <strong data-start=\"1696\" data-end=\"1716\">Induktionsh\u00e4rten<\/strong> und <strong data-start=\"1721\" data-end=\"1738\">Phosphatieren<\/strong>.<\/span><\/p>\n<p data-start=\"1743\" data-end=\"1929\"><span style=\"color: #ffffff;\">Wir garantieren einen <strong data-start=\"1765\" data-end=\"1795\">individuellen Kundenansatz<\/strong> und <strong data-start=\"1800\" data-end=\"1837\">flexible Produktionsm\u00f6glichkeiten<\/strong> \u2014 <strong data-start=\"1840\" data-end=\"1896\">Gro\u00dfserien-, Mittelserien- und Kleinserienproduktion<\/strong> sowie <strong data-start=\"1903\" data-end=\"1926\">Prototypenfertigung<\/strong>.<\/span><\/p>\n<p data-start=\"2315\" data-end=\"2480\">\n<\/div>\n<\/div>\n<div style=\"width: 640px;\" class=\"wp-video\"><video class=\"wp-video-shortcode\" id=\"video-12-3\" width=\"640\" height=\"338\" preload=\"auto\" controls=\"controls\"><source type=\"video\/mp4\" src=\"https:\/\/zkz.net.pl\/wp-content\/uploads\/2026\/01\/Kola-zebate.mp4?_=3\" \/><a href=\"https:\/\/zkz.net.pl\/wp-content\/uploads\/2026\/01\/Kola-zebate.mp4\">https:\/\/zkz.net.pl\/wp-content\/uploads\/2026\/01\/Kola-zebate.mp4<\/a><\/video><\/div>\n<div class=\"col-xs-12 col-md-6\">\n<div class=\"mainBg\">\n<div class=\"subBg\"><span style=\"color: #ffffff;\"><img decoding=\"async\" class=\"alignnone\" src=\"https:\/\/zkz.net.pl\/wp-content\/themes\/okitheme\/assets\/dist\/img\/gif1.gif\" alt=\"Ko\u0142a z\u0119bate\" \/><\/span><\/div>\n<p><span style=\"color: #ffffff;\"><img decoding=\"async\" src=\"https:\/\/zkz.net.pl\/wp-content\/uploads\/2020\/11\/zkz-bg-e1606395768268-3-e1645523737774.png\" \/><\/span><\/p>\n<\/div>\n<\/div>\n<h4>\u00a0.<span style=\"color: #ffffff;\"><a style=\"color: #ffffff;\" href=\"https:\/\/zkz.net.pl\/wp-content\/uploads\/2024\/07\/ZKS-GEARS-AO3-Certyfikat-9001-14001-en.pdf\"><img loading=\"lazy\" decoding=\"async\" class=\"alignnone wp-image-1471\" src=\"https:\/\/zkz.net.pl\/wp-content\/uploads\/2021\/07\/znak-cert-pcc-pca-QMS-EMS-new.png\" alt=\"certyfikaty ISO ZKZ Gears\" width=\"126\" height=\"93\" srcset=\"https:\/\/zkz.net.pl\/wp-content\/uploads\/2021\/07\/znak-cert-pcc-pca-QMS-EMS-new.png 190w, https:\/\/zkz.net.pl\/wp-content\/uploads\/2021\/07\/znak-cert-pcc-pca-QMS-EMS-new-27x20.png 27w\" sizes=\"auto, (max-width: 126px) 100vw, 126px\" \/><\/a>\u00a0 \u00a0 \u00a0 \u00a0 \u00a0 \u00a0 \u00a0 <a style=\"color: #ffffff;\" href=\"https:\/\/zkz.net.pl\/kola-zebate-zkz\/ogolne-warunki-wspolpracy-z-zkzsc\/\"><strong>OWW ZKZ GEARS Sp. z o.o.<\/strong><\/a><em>\u00a0 \u00a0 \u00a0 \u00a0 \u00a0 \u00a0 \u00a0 \u00a0<a style=\"color: #ffffff;\" href=\"http:\/\/zkz.net.pl\/polityka-jakosci-i-srodowiska\/\" target=\"_blank\" rel=\"noopener\">Polityka Jako\u015bci i \u015arodowiska\u00a0 <\/a><\/em>\u00a0 \u00a0 \u00a0<\/span><\/h4>\n<div class=\"movie_thumb\"><\/div>\n<p><\/p>","protected":false},"excerpt":{"rendered":"<p>ZKZ GEARS \u2013 Hersteller von Pr\u00e4zisionsgetrieben und Zahnr\u00e4dern ZKZ GEARS ist ein polnischer Hersteller von Pr\u00e4zisionsgetrieben und Getriebekomponenten mit Erfahrung in der Zahnradproduktion seit den 1980er Jahren. Wir spezialisieren uns auf pr\u00e4zise CNC-Bearbeitung und liefern zuverl\u00e4ssige L\u00f6sungen f\u00fcr die Maschinenbau- und Industriebranche. Im Laufe der Jahre hat ZKZ GEARS seine Expertise in der Optimierung von [&hellip;]<\/p>\n","protected":false},"author":1,"featured_media":1320,"parent":0,"menu_order":13,"comment_status":"closed","ping_status":"closed","template":"","meta":{"footnotes":""},"class_list":["post-12","page","type-page","status-publish","has-post-thumbnail","hentry"],"_links":{"self":[{"href":"https:\/\/zkz.net.pl\/de\/wp-json\/wp\/v2\/pages\/12","targetHints":{"allow":["GET"]}}],"collection":[{"href":"https:\/\/zkz.net.pl\/de\/wp-json\/wp\/v2\/pages"}],"about":[{"href":"https:\/\/zkz.net.pl\/de\/wp-json\/wp\/v2\/types\/page"}],"author":[{"embeddable":true,"href":"https:\/\/zkz.net.pl\/de\/wp-json\/wp\/v2\/users\/1"}],"replies":[{"embeddable":true,"href":"https:\/\/zkz.net.pl\/de\/wp-json\/wp\/v2\/comments?post=12"}],"version-history":[{"count":420,"href":"https:\/\/zkz.net.pl\/de\/wp-json\/wp\/v2\/pages\/12\/revisions"}],"predecessor-version":[{"id":2690,"href":"https:\/\/zkz.net.pl\/de\/wp-json\/wp\/v2\/pages\/12\/revisions\/2690"}],"wp:featuredmedia":[{"embeddable":true,"href":"https:\/\/zkz.net.pl\/de\/wp-json\/wp\/v2\/media\/1320"}],"wp:attachment":[{"href":"https:\/\/zkz.net.pl\/de\/wp-json\/wp\/v2\/media?parent=12"}],"curies":[{"name":"wp","href":"https:\/\/api.w.org\/{rel}","templated":true}]}}