{"id":112,"date":"2018-06-27T11:02:41","date_gmt":"2018-06-27T09:02:41","guid":{"rendered":"http:\/\/zkz.net.pl\/?page_id=112"},"modified":"2023-06-20T08:08:04","modified_gmt":"2023-06-20T06:08:04","slug":"liebherr-lc-800","status":"publish","type":"page","link":"https:\/\/zkz.net.pl\/de\/zahnrad-produktion\/zahnrader-prazisions-cnc-walzfrezen\/precize-walzfrasen-cnc\/","title":{"rendered":"ZAHNRAD W\u00e4lzfr\u00e4sen CNC 8 DIN"},"content":{"rendered":"<p><strong>LIEBHERR LC 800<\/strong><\/p>\n<ul>\n<li>Eine 6-achsige, numerisch gesteuerte Vertikal maschine zur Herstellung aller m\u00f6glichen zylindrischen Profile auf einem zylindrischen Werkst\u00fcck. Fr\u00e4sen von zylindrischen und konischen Zahnr\u00e4dern und Profilen mit einem speziellen kreisf\u00f6rmigen Werkzeug,<br \/>\nTechnische Parameter:<\/li>\n<li>min. Achsabstand: 55 mm<\/li>\n<li>max. Achsabstand: 560 mm<\/li>\n<li>max. Radialgeschwindigkeit: 4000 mm\/min<\/li>\n<li>max. Werkst\u00fcckdurchmesser: 800 mm<\/li>\n<li>max. Schwenkwinkel mit FK 3.2: +\/- 35 \u00b0<\/li>\n<li>max. Schwenkgeschwindigkeit: 0.5 \u00b0\/s<\/li>\n<li>max. Modul W\u00e4lzfr\u00e4sen: 20 mm<\/li>\n<li>max. Modul Profilfr\u00e4sen: 24 mm<\/li>\n<li>more: <a href=\"https:\/\/www.liebherr.com\/en\/cze\/products\/gear-cutting-technology-automation\/gear-cutting-machines\/gear-hobbing-machines\/details\/lc800.html\" target=\"_blank\" rel=\"noopener noreferrer\">Liebherr LC 800<\/a><\/li>\n<\/ul>\n<p><\/p>","protected":false},"excerpt":{"rendered":"<p>LIEBHERR LC 800 Eine 6-achsige, numerisch gesteuerte Vertikal maschine zur Herstellung aller m\u00f6glichen zylindrischen Profile auf einem zylindrischen Werkst\u00fcck. Fr\u00e4sen von zylindrischen und konischen Zahnr\u00e4dern und Profilen mit einem speziellen kreisf\u00f6rmigen Werkzeug, Technische Parameter: min. Achsabstand: 55 mm max. Achsabstand: 560 mm max. Radialgeschwindigkeit: 4000 mm\/min max. Werkst\u00fcckdurchmesser: 800 mm max. Schwenkwinkel mit FK 3.2: [&hellip;]<\/p>\n","protected":false},"author":3,"featured_media":113,"parent":227,"menu_order":8,"comment_status":"closed","ping_status":"closed","template":"","meta":{"footnotes":""},"class_list":["post-112","page","type-page","status-publish","has-post-thumbnail","hentry"],"_links":{"self":[{"href":"https:\/\/zkz.net.pl\/de\/wp-json\/wp\/v2\/pages\/112","targetHints":{"allow":["GET"]}}],"collection":[{"href":"https:\/\/zkz.net.pl\/de\/wp-json\/wp\/v2\/pages"}],"about":[{"href":"https:\/\/zkz.net.pl\/de\/wp-json\/wp\/v2\/types\/page"}],"author":[{"embeddable":true,"href":"https:\/\/zkz.net.pl\/de\/wp-json\/wp\/v2\/users\/3"}],"replies":[{"embeddable":true,"href":"https:\/\/zkz.net.pl\/de\/wp-json\/wp\/v2\/comments?post=112"}],"version-history":[{"count":11,"href":"https:\/\/zkz.net.pl\/de\/wp-json\/wp\/v2\/pages\/112\/revisions"}],"predecessor-version":[{"id":2328,"href":"https:\/\/zkz.net.pl\/de\/wp-json\/wp\/v2\/pages\/112\/revisions\/2328"}],"up":[{"embeddable":true,"href":"https:\/\/zkz.net.pl\/de\/wp-json\/wp\/v2\/pages\/227"}],"wp:featuredmedia":[{"embeddable":true,"href":"https:\/\/zkz.net.pl\/de\/wp-json\/wp\/v2\/media\/113"}],"wp:attachment":[{"href":"https:\/\/zkz.net.pl\/de\/wp-json\/wp\/v2\/media?parent=112"}],"curies":[{"name":"wp","href":"https:\/\/api.w.org\/{rel}","templated":true}]}}