{"id":106,"date":"2018-06-27T11:01:03","date_gmt":"2018-06-27T09:01:03","guid":{"rendered":"http:\/\/zkz.net.pl\/?page_id=106"},"modified":"2023-05-16T13:32:35","modified_gmt":"2023-05-16T11:32:35","slug":"mazak-qts350m","status":"publish","type":"page","link":"https:\/\/zkz.net.pl\/de\/zahnrad-produktion\/cnc-drehen\/cnc-prazisionsdrehen-4\/","title":{"rendered":"CNC-PR\u00c4ZISIONSDREHEN QTS350"},"content":{"rendered":"<p><strong>QUICK TURN SMART 350<\/strong><\/p>\n<p>bietet Bearbeitungsdurchmesser von 420 mm und Bearbeitungen bis zu einem Durchmesser von 102 mm. Das neue MAZATROL SMART Steuerungssystem &#8211; ein Dialogprogrammiersystem mit un\u00fcbertroffener Effizienz. Schweres Drehen &#8211; erh\u00f6hte Steifigkeit und Geschwindigkeit der Bearbeitung durch den Einsatz von Rollenf\u00fchrungen.<\/p>\n<ul>\n<li>Maximaler Bearbeitungsdurchmesser420 mm<\/li>\n<li>Maximaler Bearbeitungsdurchmesser von der Stange 102 mm<\/li>\n<li>more:<a href=\"https:\/\/www.mazak.com.vn\/quick-turn-smart-350m\/\" target=\"_blank\" rel=\"noopener noreferrer\">\u00a0mazak QTS 350M<\/a><\/li>\n<\/ul>\n<p><\/p>","protected":false},"excerpt":{"rendered":"<p>QUICK TURN SMART 350 bietet Bearbeitungsdurchmesser von 420 mm und Bearbeitungen bis zu einem Durchmesser von 102 mm. Das neue MAZATROL SMART Steuerungssystem &#8211; ein Dialogprogrammiersystem mit un\u00fcbertroffener Effizienz. Schweres Drehen &#8211; erh\u00f6hte Steifigkeit und Geschwindigkeit der Bearbeitung durch den Einsatz von Rollenf\u00fchrungen. Maximaler Bearbeitungsdurchmesser420 mm Maximaler Bearbeitungsdurchmesser von der Stange 102 mm more:\u00a0mazak QTS [&hellip;]<\/p>\n","protected":false},"author":3,"featured_media":1596,"parent":21,"menu_order":11,"comment_status":"closed","ping_status":"closed","template":"","meta":{"footnotes":""},"class_list":["post-106","page","type-page","status-publish","has-post-thumbnail","hentry"],"_links":{"self":[{"href":"https:\/\/zkz.net.pl\/de\/wp-json\/wp\/v2\/pages\/106","targetHints":{"allow":["GET"]}}],"collection":[{"href":"https:\/\/zkz.net.pl\/de\/wp-json\/wp\/v2\/pages"}],"about":[{"href":"https:\/\/zkz.net.pl\/de\/wp-json\/wp\/v2\/types\/page"}],"author":[{"embeddable":true,"href":"https:\/\/zkz.net.pl\/de\/wp-json\/wp\/v2\/users\/3"}],"replies":[{"embeddable":true,"href":"https:\/\/zkz.net.pl\/de\/wp-json\/wp\/v2\/comments?post=106"}],"version-history":[{"count":10,"href":"https:\/\/zkz.net.pl\/de\/wp-json\/wp\/v2\/pages\/106\/revisions"}],"predecessor-version":[{"id":2099,"href":"https:\/\/zkz.net.pl\/de\/wp-json\/wp\/v2\/pages\/106\/revisions\/2099"}],"up":[{"embeddable":true,"href":"https:\/\/zkz.net.pl\/de\/wp-json\/wp\/v2\/pages\/21"}],"wp:featuredmedia":[{"embeddable":true,"href":"https:\/\/zkz.net.pl\/de\/wp-json\/wp\/v2\/media\/1596"}],"wp:attachment":[{"href":"https:\/\/zkz.net.pl\/de\/wp-json\/wp\/v2\/media?parent=106"}],"curies":[{"name":"wp","href":"https:\/\/api.w.org\/{rel}","templated":true}]}}