{"id":103,"date":"2018-06-27T10:59:58","date_gmt":"2018-06-27T08:59:58","guid":{"rendered":"http:\/\/zkz.net.pl\/?page_id=103"},"modified":"2023-06-20T08:15:16","modified_gmt":"2023-06-20T06:15:16","slug":"mazak-vtc800-20hd-2","status":"publish","type":"page","link":"https:\/\/zkz.net.pl\/de\/zahnrad-produktion\/zahnrad-geschlifen\/profil-zahnrad-schleifen-cnc\/","title":{"rendered":"ZAHNRAD SCHLEIFEN PROFIL METHODE CNC"},"content":{"rendered":"<p><\/p>\n<h5 class=\"csc-firstHeader\">KAPP-NILES ZE 800<\/h5>\n<p><a href=\"https:\/\/www.facebook.com\/reel\/1005802167060068\" target=\"_blank\" rel=\"noopener\"><img loading=\"lazy\" decoding=\"async\" class=\"alignnone wp-image-1887\" src=\"https:\/\/zkz.net.pl\/wp-content\/uploads\/2023\/04\/pobrane-300x106.png\" sizes=\"auto, (max-width: 130px) 100vw, 130px\" srcset=\"https:\/\/zkz.net.pl\/wp-content\/uploads\/2023\/04\/pobrane-300x106.png 300w, https:\/\/zkz.net.pl\/wp-content\/uploads\/2023\/04\/pobrane-57x20.png 57w, https:\/\/zkz.net.pl\/wp-content\/uploads\/2023\/04\/pobrane.png 378w\" alt=\"\" width=\"130\" height=\"46\" \/><\/a>\u00a0(6-DIN) in CNC Niles ZE 800<\/p>\n<p>Profilzahnradschleifmaschine; kleinste Standfl\u00e4che und optimaler Zugang; Elektrischer Direktantrieb und Hydrostatik als Option; externe \/ interne Zahnr\u00e4der und spezielle Profile; h\u00f6chste Flexibilit\u00e4t &#8211; von der Antriebstechnik.<\/p>\n<p>mehr zu &#8211;<a href=\"https:\/\/www.kapp-niles.com\/en\/machines\/profile-grinding-machines\/ze\" target=\"_blank\" rel=\"noopener noreferrer\">kapp-niles com<\/a><\/p>","protected":false},"excerpt":{"rendered":"<p>KAPP-NILES ZE 800 \u00a0(6-DIN) in CNC Niles ZE 800 Profilzahnradschleifmaschine; kleinste Standfl\u00e4che und optimaler Zugang; Elektrischer Direktantrieb und Hydrostatik als Option; externe \/ interne Zahnr\u00e4der und spezielle Profile; h\u00f6chste Flexibilit\u00e4t &#8211; von der Antriebstechnik. mehr zu &#8211;kapp-niles com<\/p>\n","protected":false},"author":3,"featured_media":86,"parent":73,"menu_order":5,"comment_status":"closed","ping_status":"closed","template":"","meta":{"footnotes":""},"class_list":["post-103","page","type-page","status-publish","has-post-thumbnail","hentry"],"_links":{"self":[{"href":"https:\/\/zkz.net.pl\/de\/wp-json\/wp\/v2\/pages\/103","targetHints":{"allow":["GET"]}}],"collection":[{"href":"https:\/\/zkz.net.pl\/de\/wp-json\/wp\/v2\/pages"}],"about":[{"href":"https:\/\/zkz.net.pl\/de\/wp-json\/wp\/v2\/types\/page"}],"author":[{"embeddable":true,"href":"https:\/\/zkz.net.pl\/de\/wp-json\/wp\/v2\/users\/3"}],"replies":[{"embeddable":true,"href":"https:\/\/zkz.net.pl\/de\/wp-json\/wp\/v2\/comments?post=103"}],"version-history":[{"count":23,"href":"https:\/\/zkz.net.pl\/de\/wp-json\/wp\/v2\/pages\/103\/revisions"}],"predecessor-version":[{"id":2333,"href":"https:\/\/zkz.net.pl\/de\/wp-json\/wp\/v2\/pages\/103\/revisions\/2333"}],"up":[{"embeddable":true,"href":"https:\/\/zkz.net.pl\/de\/wp-json\/wp\/v2\/pages\/73"}],"wp:featuredmedia":[{"embeddable":true,"href":"https:\/\/zkz.net.pl\/de\/wp-json\/wp\/v2\/media\/86"}],"wp:attachment":[{"href":"https:\/\/zkz.net.pl\/de\/wp-json\/wp\/v2\/media?parent=103"}],"curies":[{"name":"wp","href":"https:\/\/api.w.org\/{rel}","templated":true}]}}