{"id":100,"date":"2018-06-27T10:57:28","date_gmt":"2018-06-27T08:57:28","guid":{"rendered":"http:\/\/zkz.net.pl\/?page_id=100"},"modified":"2023-06-20T11:07:09","modified_gmt":"2023-06-20T09:07:09","slug":"okamoto-ogm-350unciii","status":"publish","type":"page","link":"https:\/\/zkz.net.pl\/de\/zahnrad-produktion\/cnc-mikrolocherschleifen\/cnc-mikrolocherschleifen-okamoto\/","title":{"rendered":"ZAHNRAD-MIKROL\u00d6CHERSCHLEIFEN OKAMOTO"},"content":{"rendered":"<p><strong>Innen- und Planschleifer IGM 15 NC III:<\/strong><\/p>\n<p>Zur Bearbeitung von L\u00f6chern und Fl\u00e4chen sowie zum Schleifen von Au\u00dfendurchmessern in einer Klemmung<br \/>\nDie Dialogsteuerung basiert auf einem Mikroprozessor der neuesten Technologie.<br \/>\nDialog, Grafik und Konturbeschreibung bieten dem Benutzer optimalen Komfort und Sicherheit.<br \/>\nForm- und Kegelschleifen durch gleichzeitige Steuerung zweier Achsen m\u00f6glich.<br \/>\nSprungfunktion im Programm:<br \/>\nDie Maschine geht zum Fertigschleifen \u00fcber und verzichtet auf die Vorbehandlung und das Abrichten der Scheibe, wodurch die R\u00fcstzeit erheblich verk\u00fcrzt wird.<br \/>\nProgrammieren der Profilgeometrie<\/p>\n<p><img loading=\"lazy\" decoding=\"async\" class=\"wp-image-972 size-medium\" src=\"https:\/\/zkz.net.pl\/wp-content\/uploads\/2020\/11\/IGM-300x225.png\" alt=\"\" width=\"300\" height=\"225\" srcset=\"https:\/\/zkz.net.pl\/wp-content\/uploads\/2020\/11\/IGM-300x225.png 300w, https:\/\/zkz.net.pl\/wp-content\/uploads\/2020\/11\/IGM-768x576.png 768w, https:\/\/zkz.net.pl\/wp-content\/uploads\/2020\/11\/IGM-27x20.png 27w, https:\/\/zkz.net.pl\/wp-content\/uploads\/2020\/11\/IGM.png 853w\" sizes=\"auto, (max-width: 300px) 100vw, 300px\" \/><\/p>\n<ul>\n<li>more: <a href=\"http:\/\/www.metalteam.pl\/oferta\/obrabiarki-cnc,1416\/igm-15-nc-iii\" target=\"_blank\" rel=\"noopener noreferrer\">igm-15-nc-iii<\/a><\/li>\n<\/ul>\n<p><\/p>","protected":false},"excerpt":{"rendered":"<p>Innen- und Planschleifer IGM 15 NC III: Zur Bearbeitung von L\u00f6chern und Fl\u00e4chen sowie zum Schleifen von Au\u00dfendurchmessern in einer Klemmung Die Dialogsteuerung basiert auf einem Mikroprozessor der neuesten Technologie. Dialog, Grafik und Konturbeschreibung bieten dem Benutzer optimalen Komfort und Sicherheit. Form- und Kegelschleifen durch gleichzeitige Steuerung zweier Achsen m\u00f6glich. Sprungfunktion im Programm: Die Maschine [&hellip;]<\/p>\n","protected":false},"author":2,"featured_media":264,"parent":76,"menu_order":1,"comment_status":"closed","ping_status":"closed","template":"text-page.php","meta":{"footnotes":""},"class_list":["post-100","page","type-page","status-publish","has-post-thumbnail","hentry"],"_links":{"self":[{"href":"https:\/\/zkz.net.pl\/de\/wp-json\/wp\/v2\/pages\/100","targetHints":{"allow":["GET"]}}],"collection":[{"href":"https:\/\/zkz.net.pl\/de\/wp-json\/wp\/v2\/pages"}],"about":[{"href":"https:\/\/zkz.net.pl\/de\/wp-json\/wp\/v2\/types\/page"}],"author":[{"embeddable":true,"href":"https:\/\/zkz.net.pl\/de\/wp-json\/wp\/v2\/users\/2"}],"replies":[{"embeddable":true,"href":"https:\/\/zkz.net.pl\/de\/wp-json\/wp\/v2\/comments?post=100"}],"version-history":[{"count":15,"href":"https:\/\/zkz.net.pl\/de\/wp-json\/wp\/v2\/pages\/100\/revisions"}],"predecessor-version":[{"id":2361,"href":"https:\/\/zkz.net.pl\/de\/wp-json\/wp\/v2\/pages\/100\/revisions\/2361"}],"up":[{"embeddable":true,"href":"https:\/\/zkz.net.pl\/de\/wp-json\/wp\/v2\/pages\/76"}],"wp:featuredmedia":[{"embeddable":true,"href":"https:\/\/zkz.net.pl\/de\/wp-json\/wp\/v2\/media\/264"}],"wp:attachment":[{"href":"https:\/\/zkz.net.pl\/de\/wp-json\/wp\/v2\/media?parent=100"}],"curies":[{"name":"wp","href":"https:\/\/api.w.org\/{rel}","templated":true}]}}