{"id":10,"date":"2018-06-25T14:51:32","date_gmt":"2018-06-25T12:51:32","guid":{"rendered":"http:\/\/zkz.net.pl\/?page_id=10"},"modified":"2026-04-13T13:03:58","modified_gmt":"2026-04-13T11:03:58","slug":"oferta","status":"publish","type":"page","link":"https:\/\/zkz.net.pl\/de\/zahnrad-angebot\/","title":{"rendered":"ZAHNRAD-ANGEBOT"},"content":{"rendered":"<p><\/p>\n<h3>PR\u00c4ZISIONSGESCHLIFFEN F\u00dcR GETRIEBE, UNTERSETZUNGEN, MASCHINEN, FAHRZEUGE, AUSR\u00dcSTUNG<\/h3>\n<p><a href=\"https:\/\/zkz.net.pl\/kola-zebate-oferta\/kola-zebate-galeria\/\" target=\"_blank\" rel=\"noopener\"><span style=\"color: #ff6600;\"><strong>ZAHNRAD PHOTOS<\/strong><\/span><\/a><\/p>\n<p>Beschreibung der Verzahnungsschleifverfahren <a href=\"https:\/\/zkz.net.pl\/oferta\/metody-szlifowania\/\">&gt;know how<\/a><\/p>\n<p>Topologisches W\u00e4lzschleifen CNC <a href=\"https:\/\/zkz.net.pl\/kola-zebate-oferta\/kola-zebate-szlifowane-metoda-obwiedniowa\/\" target=\"_blank\" rel=\"noopener\">&gt;know how<\/a><\/p>\n<p>Grinding of gears using the profile method CNC <a href=\"https:\/\/zkz.net.pl\/kola-zebate-oferta\/kola-zebate-szlifowane-metoda-profilowa\/\" target=\"_blank\" rel=\"noopener\">&gt; know how<\/a><\/p>\n<p>CNC-Fr\u00e4sen von Zahnr\u00e4dern <a href=\"https:\/\/zkz.net.pl\/kola-zebate-oferta\/kola-zebate-frezowane-metoda-obwiedniowa-cnc\/\" target=\"_blank\" rel=\"noopener\">&gt;know how<\/a><\/p>\n<p>Gerade und schr\u00e4g\u00a0 Au\u00dfenverzahnungen &gt;<a href=\"https:\/\/zkz.net.pl\/oferta\/kola-zebate-zewnetrzne\/\" target=\"_blank\" rel=\"noopener\">know how<\/a><\/p>\n<p>Gerade und schr\u00e4g Innenverzahnungen &gt;<a href=\"https:\/\/zkz.net.pl\/oferta\/kola-zebate-wewnetrzne-2\/\" target=\"_blank\" rel=\"noopener\">know how<\/a><\/p>\n<p>Zahnr\u00e4der mit Freiprofil &gt;<a href=\"https:\/\/zkz.net.pl\/oferta\/kola-zebate-zarysy-dowolne\/\" target=\"_blank\" rel=\"noopener\">know how<\/a><\/p>\n<p>Segmentierte Zahnr\u00e4der <a href=\"https:\/\/zkz.net.pl\/oferta\/kola-zebate-segmenty-2\/\" target=\"_blank\" rel=\"noopener\">&gt;know how<\/a><\/p>\n<p>Au\u00dfenzahnr\u00e4der \u201eAPEX\u201c <a href=\"https:\/\/zkz.net.pl\/kola-zebate-apex-daszkowe-strzalkowe\/\" target=\"_blank\" rel=\"noopener\">&gt;know how<\/a><\/p>\n<p>Innenliegende Zahnkr\u00e4nze \u201eAPEX\u201c <a href=\"https:\/\/zkz.net.pl\/oferta\/kola-zebate-daszkowe-wewnetrzne\/\" target=\"_blank\" rel=\"noopener\">&gt;know how<\/a><\/p>\n<p>Zahnrad power skiving <a href=\"https:\/\/zkz.net.pl\/kola-zebate-oferta\/kola-zebate-power-skiving\/\" target=\"_blank\" rel=\"noopener\">&gt;know how<\/a><\/p>\n<p>SCHNECKEN UND GEWINDESCHLEIFEN <a href=\"https:\/\/zkz.net.pl\/kola-zebate-oferta\/slimaki\/\" target=\"_blank\" rel=\"noopener\">&gt;know how<\/a><\/p>\n<p>CNC-Fr\u00e4sen Schneckenr\u00e4der &gt;<a href=\"https:\/\/zkz.net.pl\/kola-zebate-oferta\/slimacznice-z-brazu\/\" target=\"_blank\" rel=\"noopener\">know how<\/a><\/p>\n<p>Klauenkupplungen<\/p>\n<h3>SPLINES. SPLINER<\/h3>\n<p>Interne Splines <a href=\"https:\/\/zkz.net.pl\/oferta\/wielowypusty-wewnetrzne-3\/\" target=\"_blank\" rel=\"noopener\">&gt;know how<\/a><\/p>\n<p>Externe Splines <a href=\"https:\/\/zkz.net.pl\/oferta\/wielowypusty-zewnetrzne-3\/\" target=\"_blank\" rel=\"noopener\">&gt;know how<\/a><\/p>\n<p>Abfl\u00fcsse &lt; <a href=\"https:\/\/zkz.net.pl\/oferta\/wpusty-3\/\" target=\"_blank\" rel=\"noopener\"> know how<\/a><\/p>\n<p>PR\u00c4ZISIONSGEWINDE &#8211; BESCHREIBUNG<br \/>\nDrehen, Fr\u00e4sen, Schleifen pr\u00e4ziser Innen- und Au\u00dfengewinde<\/p>\n<p>PR\u00c4ZISIONSSCHLEIFEN &#8211; <a href=\"https:\/\/zkz.net.pl\/kola-zebate-oferta\/precyzyjne-szlifowanie\/\" target=\"_blank\" rel=\"noopener\">BESCHREIBUNG<\/a><br \/>\nL\u00f6cher, Au\u00dfendurchmesser, Flach<\/p>\n<p>MAHLEN<br \/>\nmit 3,4,5 Achsen und CAM-Unterst\u00fctzung \u2013 BESCHREIBUNG<\/p>\n<p>DREHEN<br \/>\nmit der Verwendung der \u201eY\u201c-Achse und dem Abfangen von 2 Spindeln \u2013 BESCHREIBUNG<\/p>\n<p>THERMALE BEHANDLUNG<br \/>\nAufkohlen, H\u00e4rten, Kohlenstoffnitrieren, Induktionsh\u00e4rten, Normalisieren, Anlassen, Spannungsarmgl\u00fchen<\/p>\n<p>ANDERE DIENSTLEISTUNGEN<br \/>\nCNC-4-Achsen-Messungen, CAD-Design, CNC-Schneiden \u2013 Draht, Laser- und Schlagmarkierung, Sandstrahlen \u2013 Glas, Korund, Phosphatieren<\/p>\n<p><a href=\"https:\/\/zkz.net.pl\/wp-content\/uploads\/2020\/11\/Gear-profile-grinding-machines-ZE-800.jpg\" target=\"_blank\" rel=\"noopener noreferrer\"><img loading=\"lazy\" decoding=\"async\" class=\"alignnone wp-image-1084\" src=\"https:\/\/zkz.net.pl\/wp-content\/uploads\/2020\/11\/NILES-ZE-800.png\" sizes=\"auto, (max-width: 219px) 100vw, 219px\" srcset=\"https:\/\/zkz.net.pl\/wp-content\/uploads\/2020\/11\/NILES-ZE-800.png 424w, https:\/\/zkz.net.pl\/wp-content\/uploads\/2020\/11\/NILES-ZE-800-300x41.png 300w, https:\/\/zkz.net.pl\/wp-content\/uploads\/2020\/11\/NILES-ZE-800-146x20.png 146w\" alt=\"\" width=\"219\" height=\"30\" \/><\/a><a href=\"https:\/\/zkz.net.pl\/wp-content\/uploads\/2020\/11\/KX-300-P.jpg\" target=\"_blank\" rel=\"noopener noreferrer\"><img loading=\"lazy\" decoding=\"async\" class=\"alignnone wp-image-1083\" src=\"https:\/\/zkz.net.pl\/wp-content\/uploads\/2020\/11\/KAPP-KX-300-P.png\" sizes=\"auto, (max-width: 229px) 100vw, 229px\" srcset=\"https:\/\/zkz.net.pl\/wp-content\/uploads\/2020\/11\/KAPP-KX-300-P.png 466w, https:\/\/zkz.net.pl\/wp-content\/uploads\/2020\/11\/KAPP-KX-300-P-300x39.png 300w, https:\/\/zkz.net.pl\/wp-content\/uploads\/2020\/11\/KAPP-KX-300-P-153x20.png 153w\" alt=\"\" width=\"229\" height=\"30\" \/><\/a><a href=\"https:\/\/zkz.net.pl\/wp-content\/uploads\/2020\/11\/LC-800-Liebherr.pdf\" target=\"_blank\" rel=\"noopener noreferrer\"><img loading=\"lazy\" decoding=\"async\" class=\"alignnone wp-image-1327\" src=\"https:\/\/zkz.net.pl\/wp-content\/uploads\/2020\/11\/LIEBHERR-LC-800.png\" sizes=\"auto, (max-width: 131px) 100vw, 131px\" srcset=\"https:\/\/zkz.net.pl\/wp-content\/uploads\/2020\/11\/LIEBHERR-LC-800.png 253w, https:\/\/zkz.net.pl\/wp-content\/uploads\/2020\/11\/LIEBHERR-LC-800-87x20.png 87w\" alt=\"\" width=\"135\" height=\"31\" \/><\/a>\u00a0<a href=\"https:\/\/zkz.net.pl\/technologie\/#cat-227\" target=\"_blank\" rel=\"noopener noreferrer\"><img loading=\"lazy\" decoding=\"async\" class=\"alignnone wp-image-230\" src=\"https:\/\/zkz.net.pl\/wp-content\/uploads\/2019\/01\/RICHARDON-1.jpg\" alt=\"\" width=\"207\" height=\"30\" \/><\/a>\u00a0<a href=\"https:\/\/www.grobgroup.com\/en\/products\/product-range\/universal-machining-centers\/mill-turn-machining-centers\/g350t\/\" target=\"_blank\" rel=\"noopener\"><img loading=\"lazy\" decoding=\"async\" class=\"alignnone wp-image-1692\" src=\"https:\/\/zkz.net.pl\/wp-content\/uploads\/2022\/04\/GROB_Logo.svg_-e1651223535751.png\" alt=\"\" width=\"96\" height=\"30\" \/><\/a>\u00a0\u00a0<a href=\"https:\/\/pl.wenzel-group.com\/kategoria-produkt%C3%B3w\/urz%C4%85dzenia-do-pomiaru-k%C3%B3%C5%82-z%C4%99batych\" target=\"_blank\" rel=\"noopener\"><img loading=\"lazy\" decoding=\"async\" class=\"alignnone wp-image-1926\" src=\"https:\/\/zkz.net.pl\/wp-content\/uploads\/2023\/04\/logo-wenzel-300x67.png\" sizes=\"auto, (max-width: 134px) 100vw, 134px\" srcset=\"https:\/\/zkz.net.pl\/wp-content\/uploads\/2023\/04\/logo-wenzel-300x67.png 300w, https:\/\/zkz.net.pl\/wp-content\/uploads\/2023\/04\/logo-wenzel-1024x227.png 1024w, https:\/\/zkz.net.pl\/wp-content\/uploads\/2023\/04\/logo-wenzel-768x170.png 768w, https:\/\/zkz.net.pl\/wp-content\/uploads\/2023\/04\/logo-wenzel-1536x341.png 1536w, https:\/\/zkz.net.pl\/wp-content\/uploads\/2023\/04\/logo-wenzel-90x20.png 90w, https:\/\/zkz.net.pl\/wp-content\/uploads\/2023\/04\/logo-wenzel.png 1600w\" alt=\"\" width=\"134\" height=\"30\" \/><\/a><\/p>","protected":false},"excerpt":{"rendered":"<p>PR\u00c4ZISIONSGESCHLIFFEN F\u00dcR GETRIEBE, UNTERSETZUNGEN, MASCHINEN, FAHRZEUGE, AUSR\u00dcSTUNG ZAHNRAD PHOTOS Beschreibung der Verzahnungsschleifverfahren &gt;know how Topologisches W\u00e4lzschleifen CNC &gt;know how Grinding of gears using the profile method CNC &gt; know how CNC-Fr\u00e4sen von Zahnr\u00e4dern &gt;know how Gerade und schr\u00e4g\u00a0 Au\u00dfenverzahnungen &gt;know how Gerade und schr\u00e4g Innenverzahnungen &gt;know how Zahnr\u00e4der mit Freiprofil &gt;know how Segmentierte Zahnr\u00e4der &gt;know [&hellip;]<\/p>\n","protected":false},"author":1,"featured_media":2205,"parent":0,"menu_order":27,"comment_status":"closed","ping_status":"closed","template":"text-page.php","meta":{"footnotes":""},"class_list":["post-10","page","type-page","status-publish","has-post-thumbnail","hentry"],"_links":{"self":[{"href":"https:\/\/zkz.net.pl\/de\/wp-json\/wp\/v2\/pages\/10","targetHints":{"allow":["GET"]}}],"collection":[{"href":"https:\/\/zkz.net.pl\/de\/wp-json\/wp\/v2\/pages"}],"about":[{"href":"https:\/\/zkz.net.pl\/de\/wp-json\/wp\/v2\/types\/page"}],"author":[{"embeddable":true,"href":"https:\/\/zkz.net.pl\/de\/wp-json\/wp\/v2\/users\/1"}],"replies":[{"embeddable":true,"href":"https:\/\/zkz.net.pl\/de\/wp-json\/wp\/v2\/comments?post=10"}],"version-history":[{"count":353,"href":"https:\/\/zkz.net.pl\/de\/wp-json\/wp\/v2\/pages\/10\/revisions"}],"predecessor-version":[{"id":2726,"href":"https:\/\/zkz.net.pl\/de\/wp-json\/wp\/v2\/pages\/10\/revisions\/2726"}],"wp:featuredmedia":[{"embeddable":true,"href":"https:\/\/zkz.net.pl\/de\/wp-json\/wp\/v2\/media\/2205"}],"wp:attachment":[{"href":"https:\/\/zkz.net.pl\/de\/wp-json\/wp\/v2\/media?parent=10"}],"curies":[{"name":"wp","href":"https:\/\/api.w.org\/{rel}","templated":true}]}}